{"id":14930,"date":"2020-07-07T05:02:37","date_gmt":"2020-07-07T05:02:37","guid":{"rendered":"https:\/\/steklarna-rogaska.si\/product\/exper-casa-za-pivo-set-2\/"},"modified":"2024-10-10T09:15:29","modified_gmt":"2024-10-10T09:15:29","slug":"exper-casa-za-pivo-set-2","status":"publish","type":"product","link":"https:\/\/steklarna-rogaska.si\/hr\/proizvod\/exper-casa-za-pivo-set-2\/","title":{"rendered":"EXPER &#8211; \u010da\u0161a za pivo &#8211; set 2"},"content":{"rendered":"<p>vi\u0161ina = 237 mm \u0161irina = 90 mm te\u017ea = 0.23 kg<\/p>\n","protected":false},"excerpt":{"rendered":"<p>vi\u0161ina = 237 mm \u0161irina = 90 mm te\u017ea = 0.23 kg<\/p>\n","protected":false},"featured_media":9288,"comment_status":"open","ping_status":"closed","template":"","meta":[],"product_brand":[],"product_cat":[1229,1045,1060,1107,1084],"product_tag":[656,570,573],"class_list":{"0":"post-14930","1":"product","2":"type-product","3":"status-publish","4":"has-post-thumbnail","6":"product_cat-poklon-program","7":"product_cat-poklon-za-njega","8":"product_cat-case","9":"product_cat-case-za-pivo","10":"product_cat-case-za-sok","11":"product_tag-expert-hr","12":"product_tag-za-vodu","13":"product_tag-za-vodu-pivo-sok-mesane-pijace","15":"first","16":"instock","17":"shipping-taxable","18":"purchasable","19":"product-type-simple"},"_links":{"self":[{"href":"https:\/\/steklarna-rogaska.si\/hr\/wp-json\/wp\/v2\/product\/14930","targetHints":{"allow":["GET"]}}],"collection":[{"href":"https:\/\/steklarna-rogaska.si\/hr\/wp-json\/wp\/v2\/product"}],"about":[{"href":"https:\/\/steklarna-rogaska.si\/hr\/wp-json\/wp\/v2\/types\/product"}],"replies":[{"embeddable":true,"href":"https:\/\/steklarna-rogaska.si\/hr\/wp-json\/wp\/v2\/comments?post=14930"}],"wp:featuredmedia":[{"embeddable":true,"href":"https:\/\/steklarna-rogaska.si\/hr\/wp-json\/wp\/v2\/media\/9288"}],"wp:attachment":[{"href":"https:\/\/steklarna-rogaska.si\/hr\/wp-json\/wp\/v2\/media?parent=14930"}],"wp:term":[{"taxonomy":"product_brand","embeddable":true,"href":"https:\/\/steklarna-rogaska.si\/hr\/wp-json\/wp\/v2\/product_brand?post=14930"},{"taxonomy":"product_cat","embeddable":true,"href":"https:\/\/steklarna-rogaska.si\/hr\/wp-json\/wp\/v2\/product_cat?post=14930"},{"taxonomy":"product_tag","embeddable":true,"href":"https:\/\/steklarna-rogaska.si\/hr\/wp-json\/wp\/v2\/product_tag?post=14930"}],"curies":[{"name":"wp","href":"https:\/\/api.w.org\/{rel}","templated":true}]}}