{"id":14858,"date":"2021-10-06T12:40:40","date_gmt":"2021-10-06T12:40:40","guid":{"rendered":"https:\/\/steklarna-rogaska.si\/product\/windsor-zdjela-za-sladoled-1-kos\/"},"modified":"2025-10-31T08:58:19","modified_gmt":"2025-10-31T08:58:19","slug":"windsor-zdjela-za-sladoled-1-kos","status":"publish","type":"product","link":"https:\/\/steklarna-rogaska.si\/hr\/proizvod\/windsor-zdjela-za-sladoled-1-kos\/","title":{"rendered":"WINDSOR &#8211; zdjela za sladoled 1 kos"},"content":{"rendered":"<p>vi\u0161ina=152 mm \u0161irina=110 mm te\u017eina= 0,32 kg<\/p>\n","protected":false},"excerpt":{"rendered":"<p>vi\u0161ina=152 mm \u0161irina=110 mm te\u017eina= 0,32 kg<\/p>\n","protected":false},"featured_media":14199,"comment_status":"open","ping_status":"open","template":"","meta":[],"product_brand":[],"product_cat":[1119,1118,1034,1041,1039,1040],"product_tag":[751,752,1042,1043],"class_list":{"0":"post-14858","1":"product","2":"type-product","3":"status-publish","4":"has-post-thumbnail","6":"product_cat-poklon-za-nju","7":"product_cat-poklon-za-vjencanje","8":"product_cat-poslovni-pokloni","9":"product_cat-bozicna-ponuda","10":"product_cat-salice-za-kavu-caj-sladoled","11":"product_cat-zdjelica-za-sladoled","12":"product_tag-poslovna-darila-hr","13":"product_tag-praznicna-darila-hr","14":"product_tag-windsor-hr","15":"product_tag-za-sladoled-hr","17":"first","18":"instock","19":"shipping-taxable","20":"purchasable","21":"product-type-simple"},"_links":{"self":[{"href":"https:\/\/steklarna-rogaska.si\/hr\/wp-json\/wp\/v2\/product\/14858","targetHints":{"allow":["GET"]}}],"collection":[{"href":"https:\/\/steklarna-rogaska.si\/hr\/wp-json\/wp\/v2\/product"}],"about":[{"href":"https:\/\/steklarna-rogaska.si\/hr\/wp-json\/wp\/v2\/types\/product"}],"replies":[{"embeddable":true,"href":"https:\/\/steklarna-rogaska.si\/hr\/wp-json\/wp\/v2\/comments?post=14858"}],"wp:featuredmedia":[{"embeddable":true,"href":"https:\/\/steklarna-rogaska.si\/hr\/wp-json\/wp\/v2\/media\/14199"}],"wp:attachment":[{"href":"https:\/\/steklarna-rogaska.si\/hr\/wp-json\/wp\/v2\/media?parent=14858"}],"wp:term":[{"taxonomy":"product_brand","embeddable":true,"href":"https:\/\/steklarna-rogaska.si\/hr\/wp-json\/wp\/v2\/product_brand?post=14858"},{"taxonomy":"product_cat","embeddable":true,"href":"https:\/\/steklarna-rogaska.si\/hr\/wp-json\/wp\/v2\/product_cat?post=14858"},{"taxonomy":"product_tag","embeddable":true,"href":"https:\/\/steklarna-rogaska.si\/hr\/wp-json\/wp\/v2\/product_tag?post=14858"}],"curies":[{"name":"wp","href":"https:\/\/api.w.org\/{rel}","templated":true}]}}