{"id":14856,"date":"2021-10-06T12:24:40","date_gmt":"2021-10-06T12:24:40","guid":{"rendered":"https:\/\/steklarna-rogaska.si\/product\/windsor-casa-za-vodo-crno-vino-set-2\/"},"modified":"2024-03-07T06:12:29","modified_gmt":"2024-03-07T06:12:29","slug":"windsor-casa-za-vodo-crno-vino-set-2","status":"publish","type":"product","link":"https:\/\/steklarna-rogaska.si\/hr\/proizvod\/windsor-casa-za-vodo-crno-vino-set-2\/","title":{"rendered":"WINDSOR &#8211; \u010da\u0161a za vodo\/crno vino &#8211; set 2"},"content":{"rendered":"<p>vi\u0161ina=159 mm \u0161irina=88 mm te\u017eina= 0,35 kg<\/p>\n","protected":false},"excerpt":{"rendered":"<p>vi\u0161ina=159 mm \u0161irina=88 mm te\u017eina= 0,35 kg<\/p>\n","protected":false},"featured_media":14190,"comment_status":"open","ping_status":"open","template":"","meta":[],"product_brand":[],"product_cat":[1229,1119,1034,1041,1060,1084,1078,1067,559,1077,561],"product_tag":[752,1115,1042,687,570],"class_list":{"0":"post-14856","1":"product","2":"type-product","3":"status-publish","4":"has-post-thumbnail","6":"product_cat-poklon-program","7":"product_cat-poklon-za-nju","8":"product_cat-poslovni-pokloni","9":"product_cat-bozicna-ponuda","10":"product_cat-case","11":"product_cat-case-za-sok","12":"product_cat-case-za-vino","13":"product_cat-case-za-vodo","14":"product_cat-sve-za-vino","15":"product_cat-case-za-vino-hr","16":"product_cat-case-za-vodu","17":"product_tag-praznicna-darila-hr","18":"product_tag-vinski-kelih-hr","19":"product_tag-windsor-hr","20":"product_tag-za-vino-hr-2","21":"product_tag-za-vodu","23":"first","24":"instock","25":"shipping-taxable","26":"purchasable","27":"product-type-simple"},"_links":{"self":[{"href":"https:\/\/steklarna-rogaska.si\/hr\/wp-json\/wp\/v2\/product\/14856","targetHints":{"allow":["GET"]}}],"collection":[{"href":"https:\/\/steklarna-rogaska.si\/hr\/wp-json\/wp\/v2\/product"}],"about":[{"href":"https:\/\/steklarna-rogaska.si\/hr\/wp-json\/wp\/v2\/types\/product"}],"replies":[{"embeddable":true,"href":"https:\/\/steklarna-rogaska.si\/hr\/wp-json\/wp\/v2\/comments?post=14856"}],"wp:featuredmedia":[{"embeddable":true,"href":"https:\/\/steklarna-rogaska.si\/hr\/wp-json\/wp\/v2\/media\/14190"}],"wp:attachment":[{"href":"https:\/\/steklarna-rogaska.si\/hr\/wp-json\/wp\/v2\/media?parent=14856"}],"wp:term":[{"taxonomy":"product_brand","embeddable":true,"href":"https:\/\/steklarna-rogaska.si\/hr\/wp-json\/wp\/v2\/product_brand?post=14856"},{"taxonomy":"product_cat","embeddable":true,"href":"https:\/\/steklarna-rogaska.si\/hr\/wp-json\/wp\/v2\/product_cat?post=14856"},{"taxonomy":"product_tag","embeddable":true,"href":"https:\/\/steklarna-rogaska.si\/hr\/wp-json\/wp\/v2\/product_tag?post=14856"}],"curies":[{"name":"wp","href":"https:\/\/api.w.org\/{rel}","templated":true}]}}