{"id":14855,"date":"2021-11-12T08:00:11","date_gmt":"2021-11-12T08:00:11","guid":{"rendered":"https:\/\/steklarna-rogaska.si\/product\/kocke-za-hladenje-pica-chili-n-lime\/"},"modified":"2024-06-10T09:22:25","modified_gmt":"2024-06-10T09:22:25","slug":"kocke-za-hladenje-pica-chili-n-lime","status":"publish","type":"product","link":"https:\/\/steklarna-rogaska.si\/hr\/proizvod\/kocke-za-hladenje-pica-chili-n-lime\/","title":{"rendered":"KOCKE ZA HLA\u0110ENJE PI\u010cA &#8211; CHILI N LIME"},"content":{"rendered":"<p>kamnite kocke za hla\u0111enje pi\u010da<\/p>\n","protected":false},"excerpt":{"rendered":"<p>kamnite kocke za hla\u0111enje pi\u010da<\/p>\n","protected":false},"featured_media":13500,"comment_status":"open","ping_status":"closed","template":"","meta":[],"product_brand":[],"product_cat":[537,1229,1045,1035,1034,1041],"product_tag":[1113,751,752,1114],"class_list":{"0":"post-14855","1":"product","2":"type-product","3":"status-publish","4":"has-post-thumbnail","6":"product_cat-pribor-za-bar","7":"product_cat-poklon-program","8":"product_cat-poklon-za-njega","9":"product_cat-mali-pokloni","10":"product_cat-poslovni-pokloni","11":"product_cat-bozicna-ponuda","12":"product_tag-kamnite-kocke-hr","13":"product_tag-poslovna-darila-hr","14":"product_tag-praznicna-darila-hr","15":"product_tag-za-hlajenje-hr","17":"first","18":"outofstock","19":"shipping-taxable","20":"purchasable","21":"product-type-simple"},"_links":{"self":[{"href":"https:\/\/steklarna-rogaska.si\/hr\/wp-json\/wp\/v2\/product\/14855","targetHints":{"allow":["GET"]}}],"collection":[{"href":"https:\/\/steklarna-rogaska.si\/hr\/wp-json\/wp\/v2\/product"}],"about":[{"href":"https:\/\/steklarna-rogaska.si\/hr\/wp-json\/wp\/v2\/types\/product"}],"replies":[{"embeddable":true,"href":"https:\/\/steklarna-rogaska.si\/hr\/wp-json\/wp\/v2\/comments?post=14855"}],"wp:featuredmedia":[{"embeddable":true,"href":"https:\/\/steklarna-rogaska.si\/hr\/wp-json\/wp\/v2\/media\/13500"}],"wp:attachment":[{"href":"https:\/\/steklarna-rogaska.si\/hr\/wp-json\/wp\/v2\/media?parent=14855"}],"wp:term":[{"taxonomy":"product_brand","embeddable":true,"href":"https:\/\/steklarna-rogaska.si\/hr\/wp-json\/wp\/v2\/product_brand?post=14855"},{"taxonomy":"product_cat","embeddable":true,"href":"https:\/\/steklarna-rogaska.si\/hr\/wp-json\/wp\/v2\/product_cat?post=14855"},{"taxonomy":"product_tag","embeddable":true,"href":"https:\/\/steklarna-rogaska.si\/hr\/wp-json\/wp\/v2\/product_tag?post=14855"}],"curies":[{"name":"wp","href":"https:\/\/api.w.org\/{rel}","templated":true}]}}