{"id":14713,"date":"2025-02-27T10:48:05","date_gmt":"2025-02-27T10:48:05","guid":{"rendered":"https:\/\/steklarna-rogaska.si\/product\/monaco-casa-za-vodu-zelena-set-6\/"},"modified":"2024-03-07T06:11:40","modified_gmt":"2024-03-07T06:11:40","slug":"monaco-casa-za-vodu-zelena-set-6","status":"publish","type":"product","link":"https:\/\/steklarna-rogaska.si\/hr\/proizvod\/monaco-casa-za-vodu-zelena-set-6\/","title":{"rendered":"MONACO &#8211; \u010da\u0161a za vodu GREEN (zelena) &#8211; set 6"},"content":{"rendered":"<p>v: 100 mm<\/p>\n<p>\u00d8: 82 mm<\/p>\n","protected":false},"excerpt":{"rendered":"<p>Osredoto\u010dite se na tisto, kar je pomembno &#8211; \u00a0preprostost, vsestransko uporabnost in eleganco.<\/p>\n<p>Kolekcija MONACO, ki \u010drpa navdih iz minimalisti\u010dnega oblikovanja \u0161estdesetih let, ponuja sve\u017eo interpretacijo tradicionalnih tehnik oblikovanja stekla. Pastelni odtenki dodajo igriv, a miren pridih, ki se bo ujemal z vsakim osebnim slogom in interierom.<\/p>\n<p>Cilindri\u010dna oblika z ne\u017eno zaobljenim dnom je tako vsestranska, da v svoji zbirki komajda \u0161e potrebujete druge kozarce &#8211; uporabite linijo Monaco za serviranje vode, \u017eganih pija\u010d, smutijev, koktajlov in celo vina. Tako se lahko izognete natrpanim omaram, vsi pogrinjki pa bodo izgledali prefinjeno in elegantno!<\/p>\n","protected":false},"featured_media":13115,"comment_status":"open","ping_status":"closed","template":"","meta":[],"product_brand":[],"product_cat":[537,1065,1059,1229,1119,1118,1034,1041,1060,1066,1084,1062,1067],"product_tag":[688,751,752,753],"class_list":{"0":"post-14713","1":"product","2":"type-product","3":"status-publish","4":"has-post-thumbnail","6":"product_cat-pribor-za-bar","7":"product_cat-case-za-gin-hr","8":"product_cat-case-za-viski-hr","9":"product_cat-poklon-program","10":"product_cat-poklon-za-nju","11":"product_cat-poklon-za-vjencanje","12":"product_cat-poslovni-pokloni","13":"product_cat-bozicna-ponuda","14":"product_cat-case","15":"product_cat-case-za-gin","16":"product_cat-case-za-sok","17":"product_cat-case-za-viski","18":"product_cat-case-za-vodo","19":"product_tag-monaco-hr","20":"product_tag-poslovna-darila-hr","21":"product_tag-praznicna-darila-hr","22":"product_tag-praznovanje-hr","24":"first","25":"instock","26":"shipping-taxable","27":"purchasable","28":"product-type-simple"},"_links":{"self":[{"href":"https:\/\/steklarna-rogaska.si\/hr\/wp-json\/wp\/v2\/product\/14713","targetHints":{"allow":["GET"]}}],"collection":[{"href":"https:\/\/steklarna-rogaska.si\/hr\/wp-json\/wp\/v2\/product"}],"about":[{"href":"https:\/\/steklarna-rogaska.si\/hr\/wp-json\/wp\/v2\/types\/product"}],"replies":[{"embeddable":true,"href":"https:\/\/steklarna-rogaska.si\/hr\/wp-json\/wp\/v2\/comments?post=14713"}],"wp:featuredmedia":[{"embeddable":true,"href":"https:\/\/steklarna-rogaska.si\/hr\/wp-json\/wp\/v2\/media\/13115"}],"wp:attachment":[{"href":"https:\/\/steklarna-rogaska.si\/hr\/wp-json\/wp\/v2\/media?parent=14713"}],"wp:term":[{"taxonomy":"product_brand","embeddable":true,"href":"https:\/\/steklarna-rogaska.si\/hr\/wp-json\/wp\/v2\/product_brand?post=14713"},{"taxonomy":"product_cat","embeddable":true,"href":"https:\/\/steklarna-rogaska.si\/hr\/wp-json\/wp\/v2\/product_cat?post=14713"},{"taxonomy":"product_tag","embeddable":true,"href":"https:\/\/steklarna-rogaska.si\/hr\/wp-json\/wp\/v2\/product_tag?post=14713"}],"curies":[{"name":"wp","href":"https:\/\/api.w.org\/{rel}","templated":true}]}}