{"id":14710,"date":"2021-10-05T08:30:06","date_gmt":"2021-10-05T08:30:06","guid":{"rendered":"https:\/\/steklarna-rogaska.si\/product\/venere-casa-za-pjenusac-set-2-2\/"},"modified":"2024-03-07T06:12:32","modified_gmt":"2024-03-07T06:12:32","slug":"venere-casa-za-pjenusac-set-2-2","status":"publish","type":"product","link":"https:\/\/steklarna-rogaska.si\/hr\/proizvod\/venere-casa-za-pjenusac-set-2-2\/","title":{"rendered":"VENERE &#8211; \u010da\u0161a za pjenu\u0161ac- set 2"},"content":{"rendered":"<p>vi\u0161ina=265 mm \u0161irina=89 mm vol.= 400 ml te\u017ea= 0,18 kg<\/p>\n","protected":false},"excerpt":{"rendered":"<p>Kolekcija Venere je nova serija vinskih \u010da\u0161a Roga\u0161ka. Oblikovane linije \u010dine kolekciju bo\u017eanstveno privla\u010dnom i lijepom kao \u0161to je bila bo\u017eica Venera. \u010ca\u0161e na stolu izgledaju iznimno estetski i elegantno. Oblik vinskih \u010da\u0161a omogu\u0107uje potpuni razvoj karakteristika vina. Nova Venus kolekcija sastoji se od 4 vinske \u010da\u0161e, 3 \u017eestoka pi\u0107a i 2 dekantera<\/p>\n","protected":false},"featured_media":14151,"comment_status":"open","ping_status":"open","template":"","meta":[],"product_brand":[],"product_cat":[1060,1069,559,1068],"product_tag":[1072,1073,1074,1056],"class_list":{"0":"post-14710","1":"product","2":"type-product","3":"status-publish","4":"has-post-thumbnail","6":"product_cat-case","7":"product_cat-case-za-pjenusac","8":"product_cat-sve-za-vino","9":"product_cat-case-za-pjenusac-hr","10":"product_tag-kozarec-za-penino-hr","11":"product_tag-peninski-kelih-hr","12":"product_tag-peninski-kozarec-hr","13":"product_tag-venere-hr","15":"first","16":"outofstock","17":"shipping-taxable","18":"purchasable","19":"product-type-simple"},"_links":{"self":[{"href":"https:\/\/steklarna-rogaska.si\/hr\/wp-json\/wp\/v2\/product\/14710","targetHints":{"allow":["GET"]}}],"collection":[{"href":"https:\/\/steklarna-rogaska.si\/hr\/wp-json\/wp\/v2\/product"}],"about":[{"href":"https:\/\/steklarna-rogaska.si\/hr\/wp-json\/wp\/v2\/types\/product"}],"replies":[{"embeddable":true,"href":"https:\/\/steklarna-rogaska.si\/hr\/wp-json\/wp\/v2\/comments?post=14710"}],"wp:featuredmedia":[{"embeddable":true,"href":"https:\/\/steklarna-rogaska.si\/hr\/wp-json\/wp\/v2\/media\/14151"}],"wp:attachment":[{"href":"https:\/\/steklarna-rogaska.si\/hr\/wp-json\/wp\/v2\/media?parent=14710"}],"wp:term":[{"taxonomy":"product_brand","embeddable":true,"href":"https:\/\/steklarna-rogaska.si\/hr\/wp-json\/wp\/v2\/product_brand?post=14710"},{"taxonomy":"product_cat","embeddable":true,"href":"https:\/\/steklarna-rogaska.si\/hr\/wp-json\/wp\/v2\/product_cat?post=14710"},{"taxonomy":"product_tag","embeddable":true,"href":"https:\/\/steklarna-rogaska.si\/hr\/wp-json\/wp\/v2\/product_tag?post=14710"}],"curies":[{"name":"wp","href":"https:\/\/api.w.org\/{rel}","templated":true}]}}