{"id":14708,"date":"2021-10-05T08:38:43","date_gmt":"2021-10-05T08:38:43","guid":{"rendered":"https:\/\/steklarna-rogaska.si\/product\/venere-casa-za-martini-set-2\/"},"modified":"2024-03-07T06:12:32","modified_gmt":"2024-03-07T06:12:32","slug":"venere-casa-za-martini-set-2","status":"publish","type":"product","link":"https:\/\/steklarna-rogaska.si\/hr\/proizvod\/venere-casa-za-martini-set-2\/","title":{"rendered":"VENERE &#8211; \u010da\u0161a za martini &#8211; set 2"},"content":{"rendered":"<p>vi\u0161ina=185 mm \u0161irina=120 mm vol.= 150 ml te\u017ea= 0,14 kg<\/p>\n","protected":false},"excerpt":{"rendered":"<p>Kolekcija Venere je nova serija vinskih \u010da\u0161a Roga\u0161ka. Oblikovane linije \u010dine kolekciju bo\u017eanstveno privla\u010dnom i lijepom kao \u0161to je bila bo\u017eica Venera. \u010ca\u0161e na stolu izgledaju iznimno estetski i elegantno. Oblik vinskih \u010da\u0161a omogu\u0107uje potpuni razvoj karakteristika vina. Nova Venus kolekcija sastoji se od 4 vinske \u010da\u0161e, 3 \u017eestoka pi\u0107a i 2 dekantera<\/p>\n","protected":false},"featured_media":14157,"comment_status":"open","ping_status":"open","template":"","meta":[],"product_brand":[],"product_cat":[537,1075,1060,1070,1069,559,1068],"product_tag":[1071,1072,1073,1074,736,1056],"class_list":{"0":"post-14708","1":"product","2":"type-product","3":"status-publish","4":"has-post-thumbnail","6":"product_cat-pribor-za-bar","7":"product_cat-case-za-martini-hr-2","8":"product_cat-case","9":"product_cat-case-za-martini","10":"product_cat-case-za-pjenusac","11":"product_cat-sve-za-vino","12":"product_cat-case-za-pjenusac-hr","13":"product_tag-kelih-za-penino-hr","14":"product_tag-kozarec-za-penino-hr","15":"product_tag-peninski-kelih-hr","16":"product_tag-peninski-kozarec-hr","17":"product_tag-porocna-darila-hr-2","18":"product_tag-venere-hr","20":"first","21":"instock","22":"shipping-taxable","23":"purchasable","24":"product-type-simple"},"_links":{"self":[{"href":"https:\/\/steklarna-rogaska.si\/hr\/wp-json\/wp\/v2\/product\/14708","targetHints":{"allow":["GET"]}}],"collection":[{"href":"https:\/\/steklarna-rogaska.si\/hr\/wp-json\/wp\/v2\/product"}],"about":[{"href":"https:\/\/steklarna-rogaska.si\/hr\/wp-json\/wp\/v2\/types\/product"}],"replies":[{"embeddable":true,"href":"https:\/\/steklarna-rogaska.si\/hr\/wp-json\/wp\/v2\/comments?post=14708"}],"wp:featuredmedia":[{"embeddable":true,"href":"https:\/\/steklarna-rogaska.si\/hr\/wp-json\/wp\/v2\/media\/14157"}],"wp:attachment":[{"href":"https:\/\/steklarna-rogaska.si\/hr\/wp-json\/wp\/v2\/media?parent=14708"}],"wp:term":[{"taxonomy":"product_brand","embeddable":true,"href":"https:\/\/steklarna-rogaska.si\/hr\/wp-json\/wp\/v2\/product_brand?post=14708"},{"taxonomy":"product_cat","embeddable":true,"href":"https:\/\/steklarna-rogaska.si\/hr\/wp-json\/wp\/v2\/product_cat?post=14708"},{"taxonomy":"product_tag","embeddable":true,"href":"https:\/\/steklarna-rogaska.si\/hr\/wp-json\/wp\/v2\/product_tag?post=14708"}],"curies":[{"name":"wp","href":"https:\/\/api.w.org\/{rel}","templated":true}]}}