{"id":14707,"date":"2025-05-15T12:42:39","date_gmt":"2025-05-15T12:42:39","guid":{"rendered":"https:\/\/steklarna-rogaska.si\/product\/venere-casa-za-konjak-set-2\/"},"modified":"2025-06-16T19:42:32","modified_gmt":"2025-06-16T19:42:32","slug":"venere-casa-za-konjak-set-2","status":"publish","type":"product","link":"https:\/\/steklarna-rogaska.si\/hr\/proizvod\/venere-casa-za-konjak-set-2\/","title":{"rendered":"\u010cA\u0160A ZA KONJAK &#8211; VENUS &#8211; set od 2 komada"},"content":{"rendered":"<p>visina=100 mm \u0161irina=96 mm vol.=350 ml te\u017eina=0,26 kg<\/p>\n","protected":false},"excerpt":{"rendered":"<p><span lang=\"EN-US\">Kolekcija Venus je nova serija \u010da\u0161a i pehara iz Roga\u0161ke. Izra\u0111ene linije \u010dine kolekciju bo\u017eanski privla\u010dnom i lijepom, poput bo\u017eice Venere. \u010ca\u0161e na stolu izgledaju izuzetno estetski i elegantno. Oblik vinskih \u010da\u0161a omogu\u0107uje potpuni razvoj karakteristika vina. Nova kolekcija Venus sastoji se od 4 \u010da\u0161e za vino, 3 \u010da\u0161e za \u017eestoka pi\u0107a i 2 dekantera.<\/span><\/p>\n","protected":false},"featured_media":14154,"comment_status":"open","ping_status":"closed","template":"","meta":[],"product_brand":[],"product_cat":[537,1063,1059,1060,1066,1064,1067,1061],"product_tag":[1056,571],"class_list":{"0":"post-14707","1":"product","2":"type-product","3":"status-publish","4":"has-post-thumbnail","6":"product_cat-pribor-za-bar","7":"product_cat-case-za-konjak-hr","8":"product_cat-case-za-viski-hr","9":"product_cat-case","10":"product_cat-case-za-gin","11":"product_cat-case-za-konjak","12":"product_cat-case-za-vodo","13":"product_cat-casa-za-zestoka-pica","14":"product_tag-venere-hr","15":"product_tag-za-zestice","17":"first","18":"instock","19":"shipping-taxable","20":"purchasable","21":"product-type-simple"},"_links":{"self":[{"href":"https:\/\/steklarna-rogaska.si\/hr\/wp-json\/wp\/v2\/product\/14707","targetHints":{"allow":["GET"]}}],"collection":[{"href":"https:\/\/steklarna-rogaska.si\/hr\/wp-json\/wp\/v2\/product"}],"about":[{"href":"https:\/\/steklarna-rogaska.si\/hr\/wp-json\/wp\/v2\/types\/product"}],"replies":[{"embeddable":true,"href":"https:\/\/steklarna-rogaska.si\/hr\/wp-json\/wp\/v2\/comments?post=14707"}],"wp:featuredmedia":[{"embeddable":true,"href":"https:\/\/steklarna-rogaska.si\/hr\/wp-json\/wp\/v2\/media\/14154"}],"wp:attachment":[{"href":"https:\/\/steklarna-rogaska.si\/hr\/wp-json\/wp\/v2\/media?parent=14707"}],"wp:term":[{"taxonomy":"product_brand","embeddable":true,"href":"https:\/\/steklarna-rogaska.si\/hr\/wp-json\/wp\/v2\/product_brand?post=14707"},{"taxonomy":"product_cat","embeddable":true,"href":"https:\/\/steklarna-rogaska.si\/hr\/wp-json\/wp\/v2\/product_cat?post=14707"},{"taxonomy":"product_tag","embeddable":true,"href":"https:\/\/steklarna-rogaska.si\/hr\/wp-json\/wp\/v2\/product_tag?post=14707"}],"curies":[{"name":"wp","href":"https:\/\/api.w.org\/{rel}","templated":true}]}}