{"id":14706,"date":"2021-10-05T08:46:10","date_gmt":"2021-10-05T08:46:10","guid":{"rendered":"https:\/\/steklarna-rogaska.si\/product\/venere-casa-za-liker-set-2-37\/"},"modified":"2024-03-07T06:12:32","modified_gmt":"2024-03-07T06:12:32","slug":"venere-casa-za-liker-set-2-37","status":"publish","type":"product","link":"https:\/\/steklarna-rogaska.si\/hr\/proizvod\/venere-casa-za-liker-set-2-37\/","title":{"rendered":"VENERE &#8211; \u010da\u0161a za liker &#8211; set 2"},"content":{"rendered":"<p>vi\u0161ina=65 mm \u0161irina=62 mm vol.= 75 ml te\u017ea= 0,08 kg<\/p>\n","protected":false},"excerpt":{"rendered":"<p>Kolekcija Venere je nova serija vinskih \u010da\u0161a Roga\u0161ka. Oblikovane linije \u010dine kolekciju bo\u017eanstveno privla\u010dnom i lijepom kao \u0161to je bila bo\u017eica Venera. \u010ca\u0161e na stolu izgledaju iznimno estetski i elegantno. Oblik vinskih \u010da\u0161a omogu\u0107uje potpuni razvoj karakteristika vina. Nova Venus kolekcija sastoji se od 4 vinske \u010da\u0161e, 3 \u017eestoka pi\u0107a i 2 dekantera<\/p>\n","protected":false},"featured_media":14169,"comment_status":"open","ping_status":"open","template":"","meta":[],"product_brand":[],"product_cat":[537,1063,1058,1060,1062,1061],"product_tag":[1056,570,571],"class_list":{"0":"post-14706","1":"product","2":"type-product","3":"status-publish","4":"has-post-thumbnail","6":"product_cat-pribor-za-bar","7":"product_cat-case-za-konjak-hr","8":"product_cat-case-za-zestoka-pica-hr","9":"product_cat-case","10":"product_cat-case-za-viski","11":"product_cat-casa-za-zestoka-pica","12":"product_tag-venere-hr","13":"product_tag-za-vodu","14":"product_tag-za-zestice","16":"first","17":"instock","18":"shipping-taxable","19":"purchasable","20":"product-type-simple"},"_links":{"self":[{"href":"https:\/\/steklarna-rogaska.si\/hr\/wp-json\/wp\/v2\/product\/14706","targetHints":{"allow":["GET"]}}],"collection":[{"href":"https:\/\/steklarna-rogaska.si\/hr\/wp-json\/wp\/v2\/product"}],"about":[{"href":"https:\/\/steklarna-rogaska.si\/hr\/wp-json\/wp\/v2\/types\/product"}],"replies":[{"embeddable":true,"href":"https:\/\/steklarna-rogaska.si\/hr\/wp-json\/wp\/v2\/comments?post=14706"}],"wp:featuredmedia":[{"embeddable":true,"href":"https:\/\/steklarna-rogaska.si\/hr\/wp-json\/wp\/v2\/media\/14169"}],"wp:attachment":[{"href":"https:\/\/steklarna-rogaska.si\/hr\/wp-json\/wp\/v2\/media?parent=14706"}],"wp:term":[{"taxonomy":"product_brand","embeddable":true,"href":"https:\/\/steklarna-rogaska.si\/hr\/wp-json\/wp\/v2\/product_brand?post=14706"},{"taxonomy":"product_cat","embeddable":true,"href":"https:\/\/steklarna-rogaska.si\/hr\/wp-json\/wp\/v2\/product_cat?post=14706"},{"taxonomy":"product_tag","embeddable":true,"href":"https:\/\/steklarna-rogaska.si\/hr\/wp-json\/wp\/v2\/product_tag?post=14706"}],"curies":[{"name":"wp","href":"https:\/\/api.w.org\/{rel}","templated":true}]}}