{"id":14703,"date":"2021-10-05T08:59:16","date_gmt":"2021-10-05T08:59:16","guid":{"rendered":"https:\/\/steklarna-rogaska.si\/product\/venere-boca-za-vino\/"},"modified":"2024-03-07T06:12:32","modified_gmt":"2024-03-07T06:12:32","slug":"venere-boca-za-vino","status":"publish","type":"product","link":"https:\/\/steklarna-rogaska.si\/hr\/proizvod\/venere-boca-za-vino\/","title":{"rendered":"VENERE &#8211; boca za vino"},"content":{"rendered":"<p>visina=390 mm \u0161irina=145 mm vol.= 1300 ml te\u017eina= 1,09 kg<\/p>\n","protected":false},"excerpt":{"rendered":"<p><span lang=\"EN-US\">Kolekcija Venere je nova serija vinskih \u010da\u0161a Roga\u0161ka. Oblikovane linije \u010dine kolekciju bo\u017eanstveno privla\u010dnom i lijepom kao \u0161to je bila bo\u017eica Venera. \u010ca\u0161e na stolu izgledaju iznimno estetski i elegantno. Oblik vinskih \u010da\u0161a omogu\u0107uje potpuni razvoj karakteristika vina. Nova kolekcija sastoji se od 4 vinske \u010da\u0161e, 3 \u017eestoka pi\u0107a i 2 dekantera.<\/span><\/p>\n","protected":false},"featured_media":14160,"comment_status":"open","ping_status":"open","template":"","meta":[],"product_brand":[],"product_cat":[1051,1055,1054,1053,559,1057,1050],"product_tag":[1056,687,570,571],"class_list":{"0":"post-14703","1":"product","2":"type-product","3":"status-publish","4":"has-post-thumbnail","6":"product_cat-boce-dekanteri-bokali-vrcevi","7":"product_cat-dekanter-za-vino-hr","8":"product_cat-boca-za-vino-hr","9":"product_cat-boca-za-vodu","10":"product_cat-sve-za-vino","11":"product_cat-dekanter-za-vino-hr-2","12":"product_cat-boca-za-vino-hr-hr","13":"product_tag-venere-hr","14":"product_tag-za-vino-hr-2","15":"product_tag-za-vodu","16":"product_tag-za-zestice","18":"first","19":"instock","20":"shipping-taxable","21":"purchasable","22":"product-type-simple"},"_links":{"self":[{"href":"https:\/\/steklarna-rogaska.si\/hr\/wp-json\/wp\/v2\/product\/14703","targetHints":{"allow":["GET"]}}],"collection":[{"href":"https:\/\/steklarna-rogaska.si\/hr\/wp-json\/wp\/v2\/product"}],"about":[{"href":"https:\/\/steklarna-rogaska.si\/hr\/wp-json\/wp\/v2\/types\/product"}],"replies":[{"embeddable":true,"href":"https:\/\/steklarna-rogaska.si\/hr\/wp-json\/wp\/v2\/comments?post=14703"}],"wp:featuredmedia":[{"embeddable":true,"href":"https:\/\/steklarna-rogaska.si\/hr\/wp-json\/wp\/v2\/media\/14160"}],"wp:attachment":[{"href":"https:\/\/steklarna-rogaska.si\/hr\/wp-json\/wp\/v2\/media?parent=14703"}],"wp:term":[{"taxonomy":"product_brand","embeddable":true,"href":"https:\/\/steklarna-rogaska.si\/hr\/wp-json\/wp\/v2\/product_brand?post=14703"},{"taxonomy":"product_cat","embeddable":true,"href":"https:\/\/steklarna-rogaska.si\/hr\/wp-json\/wp\/v2\/product_cat?post=14703"},{"taxonomy":"product_tag","embeddable":true,"href":"https:\/\/steklarna-rogaska.si\/hr\/wp-json\/wp\/v2\/product_tag?post=14703"}],"curies":[{"name":"wp","href":"https:\/\/api.w.org\/{rel}","templated":true}]}}