{"id":14702,"date":"2025-05-21T07:33:20","date_gmt":"2025-05-21T07:33:20","guid":{"rendered":"https:\/\/steklarna-rogaska.si\/product\/square-svijecnjak-15-cm\/"},"modified":"2025-06-16T19:42:14","modified_gmt":"2025-06-16T19:42:14","slug":"square-svijecnjak-15-cm","status":"publish","type":"product","link":"https:\/\/steklarna-rogaska.si\/hr\/proizvod\/square-svijecnjak-15-cm\/","title":{"rendered":"SVIJE\u0106NJAK 15 CM &#8211; KVADRATNI &#8211; komad"},"content":{"rendered":"<p>visina = 152 mm \u0161irina = 90 mm te\u017eina = 0,92 kg<\/p>\n","protected":false},"excerpt":{"rendered":"<p>visina = 152 mm \u0161irina = 90 mm te\u017eina = 0,92 kg<\/p>\n","protected":false},"featured_media":14211,"comment_status":"open","ping_status":"closed","template":"","meta":[],"product_brand":[],"product_cat":[1037,1038,1229,1034,1041,1036],"product_tag":[751,752,753,725],"class_list":{"0":"post-14702","1":"product","2":"type-product","3":"status-publish","4":"has-post-thumbnail","6":"product_cat-bozic","7":"product_cat-bozicne-dekoracije","8":"product_cat-poklon-program","9":"product_cat-poslovni-pokloni","10":"product_cat-bozicna-ponuda","11":"product_cat-svijecnjak","12":"product_tag-poslovna-darila-hr","13":"product_tag-praznicna-darila-hr","14":"product_tag-praznovanje-hr","15":"product_tag-square-hr","17":"first","18":"instock","19":"shipping-taxable","20":"purchasable","21":"product-type-simple"},"_links":{"self":[{"href":"https:\/\/steklarna-rogaska.si\/hr\/wp-json\/wp\/v2\/product\/14702","targetHints":{"allow":["GET"]}}],"collection":[{"href":"https:\/\/steklarna-rogaska.si\/hr\/wp-json\/wp\/v2\/product"}],"about":[{"href":"https:\/\/steklarna-rogaska.si\/hr\/wp-json\/wp\/v2\/types\/product"}],"replies":[{"embeddable":true,"href":"https:\/\/steklarna-rogaska.si\/hr\/wp-json\/wp\/v2\/comments?post=14702"}],"wp:featuredmedia":[{"embeddable":true,"href":"https:\/\/steklarna-rogaska.si\/hr\/wp-json\/wp\/v2\/media\/14211"}],"wp:attachment":[{"href":"https:\/\/steklarna-rogaska.si\/hr\/wp-json\/wp\/v2\/media?parent=14702"}],"wp:term":[{"taxonomy":"product_brand","embeddable":true,"href":"https:\/\/steklarna-rogaska.si\/hr\/wp-json\/wp\/v2\/product_brand?post=14702"},{"taxonomy":"product_cat","embeddable":true,"href":"https:\/\/steklarna-rogaska.si\/hr\/wp-json\/wp\/v2\/product_cat?post=14702"},{"taxonomy":"product_tag","embeddable":true,"href":"https:\/\/steklarna-rogaska.si\/hr\/wp-json\/wp\/v2\/product_tag?post=14702"}],"curies":[{"name":"wp","href":"https:\/\/api.w.org\/{rel}","templated":true}]}}