{"id":14701,"date":"2025-05-21T07:33:49","date_gmt":"2025-05-21T07:33:49","guid":{"rendered":"https:\/\/steklarna-rogaska.si\/product\/square-svijecnjak-20-cm\/"},"modified":"2025-11-04T05:42:48","modified_gmt":"2025-11-04T05:42:48","slug":"square-svijecnjak-20-cm","status":"publish","type":"product","link":"https:\/\/steklarna-rogaska.si\/hr\/proizvod\/square-svijecnjak-20-cm\/","title":{"rendered":"SVIJE\u0106NJAK 20 CM &#8211; KVADRATNI &#8211; komad"},"content":{"rendered":"<p>visina = 203 mm \u0161irina = 90 mm te\u017eina = 1,21 kg<\/p>\n","protected":false},"excerpt":{"rendered":"<p>visina = 203 mm \u0161irina = 90 mm te\u017eina = 1,21 kg<\/p>\n","protected":false},"featured_media":14214,"comment_status":"open","ping_status":"closed","template":"","meta":[],"product_brand":[],"product_cat":[1037,1038,1229,1035,1034,1041,1036],"product_tag":[751,752,753,725],"class_list":{"0":"post-14701","1":"product","2":"type-product","3":"status-publish","4":"has-post-thumbnail","6":"product_cat-bozic","7":"product_cat-bozicne-dekoracije","8":"product_cat-poklon-program","9":"product_cat-mali-pokloni","10":"product_cat-poslovni-pokloni","11":"product_cat-bozicna-ponuda","12":"product_cat-svijecnjak","13":"product_tag-poslovna-darila-hr","14":"product_tag-praznicna-darila-hr","15":"product_tag-praznovanje-hr","16":"product_tag-square-hr","18":"first","19":"instock","20":"shipping-taxable","21":"purchasable","22":"product-type-simple"},"_links":{"self":[{"href":"https:\/\/steklarna-rogaska.si\/hr\/wp-json\/wp\/v2\/product\/14701","targetHints":{"allow":["GET"]}}],"collection":[{"href":"https:\/\/steklarna-rogaska.si\/hr\/wp-json\/wp\/v2\/product"}],"about":[{"href":"https:\/\/steklarna-rogaska.si\/hr\/wp-json\/wp\/v2\/types\/product"}],"replies":[{"embeddable":true,"href":"https:\/\/steklarna-rogaska.si\/hr\/wp-json\/wp\/v2\/comments?post=14701"}],"wp:featuredmedia":[{"embeddable":true,"href":"https:\/\/steklarna-rogaska.si\/hr\/wp-json\/wp\/v2\/media\/14214"}],"wp:attachment":[{"href":"https:\/\/steklarna-rogaska.si\/hr\/wp-json\/wp\/v2\/media?parent=14701"}],"wp:term":[{"taxonomy":"product_brand","embeddable":true,"href":"https:\/\/steklarna-rogaska.si\/hr\/wp-json\/wp\/v2\/product_brand?post=14701"},{"taxonomy":"product_cat","embeddable":true,"href":"https:\/\/steklarna-rogaska.si\/hr\/wp-json\/wp\/v2\/product_cat?post=14701"},{"taxonomy":"product_tag","embeddable":true,"href":"https:\/\/steklarna-rogaska.si\/hr\/wp-json\/wp\/v2\/product_tag?post=14701"}],"curies":[{"name":"wp","href":"https:\/\/api.w.org\/{rel}","templated":true}]}}