{"id":14222,"date":"2021-10-06T12:14:59","date_gmt":"2021-10-06T12:14:59","guid":{"rendered":"https:\/\/steklarna-rogaska.si\/?post_type=product&#038;p=14222"},"modified":"2026-04-20T06:48:06","modified_gmt":"2026-04-20T06:48:06","slug":"windsor-kozarec-za-vino-set-2","status":"publish","type":"product","link":"https:\/\/steklarna-rogaska.si\/hr\/proizvod\/windsor-kozarec-za-vino-set-2\/","title":{"rendered":"KOZAREC ZA BELO VINO &#8211; WINDSOR &#8211; set 2 kos"},"content":{"rendered":"<p>vi\u0161ina=148 mm \u0161irina=83 mm te\u017ea= 0,31 kg<\/p>\n","protected":false},"excerpt":{"rendered":"<p>vi\u0161ina=148 mm \u0161irina=83 mm te\u017ea= 0,31 kg<\/p>\n","protected":false},"featured_media":14192,"comment_status":"open","ping_status":"open","template":"","meta":[],"product_brand":[],"product_cat":[916,920,919,996,924,925,284,910],"product_tag":[973,971,976,1022],"class_list":{"0":"post-14222","1":"product","2":"type-product","3":"status-publish","4":"has-post-thumbnail","6":"product_cat-darilni-program-2","7":"product_cat-porocna-darila","8":"product_cat-poslovna-darila","9":"product_cat-praznicna-ponudba","10":"product_cat-kozarci-2","11":"product_cat-kozarci-za-vino-2","12":"product_cat-vinski-program-default-group","13":"product_cat-kozarci-za-vino","14":"product_tag-kozarec-za-vino","15":"product_tag-vinski-kelih","16":"product_tag-vinski-kozarec","17":"product_tag-windsor","19":"first","20":"instock","21":"shipping-taxable","22":"purchasable","23":"product-type-simple"},"_links":{"self":[{"href":"https:\/\/steklarna-rogaska.si\/hr\/wp-json\/wp\/v2\/product\/14222","targetHints":{"allow":["GET"]}}],"collection":[{"href":"https:\/\/steklarna-rogaska.si\/hr\/wp-json\/wp\/v2\/product"}],"about":[{"href":"https:\/\/steklarna-rogaska.si\/hr\/wp-json\/wp\/v2\/types\/product"}],"replies":[{"embeddable":true,"href":"https:\/\/steklarna-rogaska.si\/hr\/wp-json\/wp\/v2\/comments?post=14222"}],"wp:featuredmedia":[{"embeddable":true,"href":"https:\/\/steklarna-rogaska.si\/hr\/wp-json\/wp\/v2\/media\/14192"}],"wp:attachment":[{"href":"https:\/\/steklarna-rogaska.si\/hr\/wp-json\/wp\/v2\/media?parent=14222"}],"wp:term":[{"taxonomy":"product_brand","embeddable":true,"href":"https:\/\/steklarna-rogaska.si\/hr\/wp-json\/wp\/v2\/product_brand?post=14222"},{"taxonomy":"product_cat","embeddable":true,"href":"https:\/\/steklarna-rogaska.si\/hr\/wp-json\/wp\/v2\/product_cat?post=14222"},{"taxonomy":"product_tag","embeddable":true,"href":"https:\/\/steklarna-rogaska.si\/hr\/wp-json\/wp\/v2\/product_tag?post=14222"}],"curies":[{"name":"wp","href":"https:\/\/api.w.org\/{rel}","templated":true}]}}