{"id":12225,"date":"2020-10-01T12:35:13","date_gmt":"2020-10-01T12:35:13","guid":{"rendered":"https:\/\/steklarna-rogaska.si\/product\/eurus-casa-za-vino-set-2\/"},"modified":"2024-10-12T04:24:02","modified_gmt":"2024-10-12T04:24:02","slug":"eurus-casa-za-vino-set-2","status":"publish","type":"product","link":"https:\/\/steklarna-rogaska.si\/hr\/proizvod\/eurus-casa-za-vino-set-2\/","title":{"rendered":"EURUS &#8211; \u010da\u0161a za vino &#8211; set 2"},"content":{"rendered":"<p>vi\u0161ina = 214 mm<br \/>\n\u0161irina = 80 mm<\/p>\n","protected":false},"excerpt":{"rendered":"<p>vi\u0161ina = 214 mm \u0161irina = 80 mm<\/p>\n","protected":false},"featured_media":10263,"comment_status":"open","ping_status":"closed","template":"","meta":[],"product_brand":[],"product_cat":[1060,1078,559,1077],"product_tag":[653,1080,1079,1115,567,687],"class_list":{"0":"post-12225","1":"product","2":"type-product","3":"status-publish","4":"has-post-thumbnail","6":"product_cat-case","7":"product_cat-case-za-vino","8":"product_cat-sve-za-vino","9":"product_cat-case-za-vino-hr","10":"product_tag-eurus-hr","11":"product_tag-kelih-rogaska-hr","12":"product_tag-kozarec-za-vino-hr","13":"product_tag-vinski-kelih-hr","14":"product_tag-za-bijelo-vino","15":"product_tag-za-vino-hr-2","17":"first","18":"instock","19":"shipping-taxable","20":"purchasable","21":"product-type-simple"},"_links":{"self":[{"href":"https:\/\/steklarna-rogaska.si\/hr\/wp-json\/wp\/v2\/product\/12225","targetHints":{"allow":["GET"]}}],"collection":[{"href":"https:\/\/steklarna-rogaska.si\/hr\/wp-json\/wp\/v2\/product"}],"about":[{"href":"https:\/\/steklarna-rogaska.si\/hr\/wp-json\/wp\/v2\/types\/product"}],"replies":[{"embeddable":true,"href":"https:\/\/steklarna-rogaska.si\/hr\/wp-json\/wp\/v2\/comments?post=12225"}],"wp:featuredmedia":[{"embeddable":true,"href":"https:\/\/steklarna-rogaska.si\/hr\/wp-json\/wp\/v2\/media\/10263"}],"wp:attachment":[{"href":"https:\/\/steklarna-rogaska.si\/hr\/wp-json\/wp\/v2\/media?parent=12225"}],"wp:term":[{"taxonomy":"product_brand","embeddable":true,"href":"https:\/\/steklarna-rogaska.si\/hr\/wp-json\/wp\/v2\/product_brand?post=12225"},{"taxonomy":"product_cat","embeddable":true,"href":"https:\/\/steklarna-rogaska.si\/hr\/wp-json\/wp\/v2\/product_cat?post=12225"},{"taxonomy":"product_tag","embeddable":true,"href":"https:\/\/steklarna-rogaska.si\/hr\/wp-json\/wp\/v2\/product_tag?post=12225"}],"curies":[{"name":"wp","href":"https:\/\/api.w.org\/{rel}","templated":true}]}}