{"id":11855,"date":"2020-11-02T14:02:04","date_gmt":"2020-11-02T14:02:04","guid":{"rendered":"https:\/\/steklarna-rogaska.si\/product\/merry-christmas-salica-za-caj-ellen-degeneres-royal-doulton-1-kos\/"},"modified":"2024-06-10T09:22:18","modified_gmt":"2024-06-10T09:22:18","slug":"merry-christmas-salica-za-caj-ellen-degeneres-royal-doulton-1-kos","status":"publish","type":"product","link":"https:\/\/steklarna-rogaska.si\/hr\/proizvod\/merry-christmas-salica-za-caj-ellen-degeneres-royal-doulton-1-kos\/","title":{"rendered":"MERRY CHRISTMAS &#8211; \u0161alica za \u010daj Ellen DeGeneres Royal Doulton (1 kos)"},"content":{"rendered":"<p>\u0160alica za \u010daj iz porcelana\u00a0 Royal Doulton<\/p>\n<p>Volumen: 488 ml<\/p>\n","protected":false},"excerpt":{"rendered":"<p>\u0160alica za \u010daj iz porcelana\u00a0 Royal Doulton Volumen: 488 ml<\/p>\n","protected":false},"featured_media":10871,"comment_status":"open","ping_status":"closed","template":"","meta":[],"product_brand":[],"product_cat":[1229,1041,1151,1039,1127],"product_tag":[865,864,866,867],"class_list":{"0":"post-11855","1":"product","2":"type-product","3":"status-publish","4":"has-post-thumbnail","6":"product_cat-poklon-program","7":"product_cat-bozicna-ponuda","8":"product_cat-porcelan","9":"product_cat-salice-za-kavu-caj-sladoled","10":"product_cat-salice-za-caj","11":"product_tag-ellen-degeneres-hr","12":"product_tag-royal-doulton-hr","13":"product_tag-salica-iz-porcelana","14":"product_tag-salica-za-caj","16":"first","17":"onbackorder","18":"shipping-taxable","19":"purchasable","20":"product-type-simple"},"_links":{"self":[{"href":"https:\/\/steklarna-rogaska.si\/hr\/wp-json\/wp\/v2\/product\/11855","targetHints":{"allow":["GET"]}}],"collection":[{"href":"https:\/\/steklarna-rogaska.si\/hr\/wp-json\/wp\/v2\/product"}],"about":[{"href":"https:\/\/steklarna-rogaska.si\/hr\/wp-json\/wp\/v2\/types\/product"}],"replies":[{"embeddable":true,"href":"https:\/\/steklarna-rogaska.si\/hr\/wp-json\/wp\/v2\/comments?post=11855"}],"wp:featuredmedia":[{"embeddable":true,"href":"https:\/\/steklarna-rogaska.si\/hr\/wp-json\/wp\/v2\/media\/10871"}],"wp:attachment":[{"href":"https:\/\/steklarna-rogaska.si\/hr\/wp-json\/wp\/v2\/media?parent=11855"}],"wp:term":[{"taxonomy":"product_brand","embeddable":true,"href":"https:\/\/steklarna-rogaska.si\/hr\/wp-json\/wp\/v2\/product_brand?post=11855"},{"taxonomy":"product_cat","embeddable":true,"href":"https:\/\/steklarna-rogaska.si\/hr\/wp-json\/wp\/v2\/product_cat?post=11855"},{"taxonomy":"product_tag","embeddable":true,"href":"https:\/\/steklarna-rogaska.si\/hr\/wp-json\/wp\/v2\/product_tag?post=11855"}],"curies":[{"name":"wp","href":"https:\/\/api.w.org\/{rel}","templated":true}]}}