{"id":11626,"date":"2020-10-29T13:22:51","date_gmt":"2020-10-29T13:22:51","guid":{"rendered":"https:\/\/steklarna-rogaska.si\/product\/armonia-pjenusac-puklavec-set-2-univerzalnih-casa-i-pjenusac\/"},"modified":"2025-11-23T12:10:25","modified_gmt":"2025-11-23T12:10:25","slug":"armonia-pjenusac-puklavec-set-2-univerzalnih-casa-i-pjenusac","status":"publish","type":"product","link":"https:\/\/steklarna-rogaska.si\/hr\/proizvod\/armonia-pjenusac-puklavec-set-2-univerzalnih-casa-i-pjenusac\/","title":{"rendered":"ARMONIA &#038; PJENU\u0160AC PUKLAVEC &#8211; set 2 univerzalnih \u010da\u0161a i pjenu\u0161ac"},"content":{"rendered":"<p>U set mo\u017eete dodati jednu od izvrstnih pjenu\u0161ca vinara PUKALVEC WINE FAMILY iz Ormo\u017ea.<\/p>\n<ul>\n<li>Estate Selection Brut, pjenu\u0161ac , vrlo suho 0,75 L<\/li>\n<li>Jeruzalem Ormo\u017e Art Edition\u00a0 pjenu\u0161ac, polusladko 0,75 L<\/li>\n<\/ul>\n<p>U komentar napi\u0161ite koji pjenu\u0161ac \u017eelite u paketu.<\/p>\n","protected":false},"excerpt":{"rendered":"<p>U set mo\u017eete dodati jednu od izvrstnih pjenu\u0161ca vinara PUKALVEC WINE FAMILY iz Ormo\u017ea. Estate Selection Brut, pjenu\u0161ac , vrlo suho 0,75 L Jeruzalem Ormo\u017e [&hellip;]<\/p>\n","protected":false},"featured_media":10755,"comment_status":"open","ping_status":"open","template":"","meta":[],"product_brand":[],"product_cat":[1045,1119,1118,1034,1041,1146,1078,559],"product_tag":[1080,1079,736,751,752,1115],"class_list":{"0":"post-11626","1":"product","2":"type-product","3":"status-publish","4":"has-post-thumbnail","6":"product_cat-poklon-za-njega","7":"product_cat-poklon-za-nju","8":"product_cat-poklon-za-vjencanje","9":"product_cat-poslovni-pokloni","10":"product_cat-bozicna-ponuda","11":"product_cat-unikatni-pokloni","12":"product_cat-case-za-vino","13":"product_cat-sve-za-vino","14":"product_tag-kelih-rogaska-hr","15":"product_tag-kozarec-za-vino-hr","16":"product_tag-porocna-darila-hr-2","17":"product_tag-poslovna-darila-hr","18":"product_tag-praznicna-darila-hr","19":"product_tag-vinski-kelih-hr","21":"first","22":"instock","23":"shipping-taxable","24":"purchasable","25":"product-type-simple"},"_links":{"self":[{"href":"https:\/\/steklarna-rogaska.si\/hr\/wp-json\/wp\/v2\/product\/11626","targetHints":{"allow":["GET"]}}],"collection":[{"href":"https:\/\/steklarna-rogaska.si\/hr\/wp-json\/wp\/v2\/product"}],"about":[{"href":"https:\/\/steklarna-rogaska.si\/hr\/wp-json\/wp\/v2\/types\/product"}],"replies":[{"embeddable":true,"href":"https:\/\/steklarna-rogaska.si\/hr\/wp-json\/wp\/v2\/comments?post=11626"}],"wp:featuredmedia":[{"embeddable":true,"href":"https:\/\/steklarna-rogaska.si\/hr\/wp-json\/wp\/v2\/media\/10755"}],"wp:attachment":[{"href":"https:\/\/steklarna-rogaska.si\/hr\/wp-json\/wp\/v2\/media?parent=11626"}],"wp:term":[{"taxonomy":"product_brand","embeddable":true,"href":"https:\/\/steklarna-rogaska.si\/hr\/wp-json\/wp\/v2\/product_brand?post=11626"},{"taxonomy":"product_cat","embeddable":true,"href":"https:\/\/steklarna-rogaska.si\/hr\/wp-json\/wp\/v2\/product_cat?post=11626"},{"taxonomy":"product_tag","embeddable":true,"href":"https:\/\/steklarna-rogaska.si\/hr\/wp-json\/wp\/v2\/product_tag?post=11626"}],"curies":[{"name":"wp","href":"https:\/\/api.w.org\/{rel}","templated":true}]}}