{"id":11624,"date":"2020-10-30T12:54:25","date_gmt":"2020-10-30T12:54:25","guid":{"rendered":"https:\/\/steklarna-rogaska.si\/product\/equinox-poklon-pakiranje-2-salice-za-caj-caj-wedgwood\/"},"modified":"2024-06-10T09:18:10","modified_gmt":"2024-06-10T09:18:10","slug":"equinox-poklon-pakiranje-2-salice-za-caj-caj-wedgwood","status":"publish","type":"product","link":"https:\/\/steklarna-rogaska.si\/hr\/proizvod\/equinox-poklon-pakiranje-2-salice-za-caj-caj-wedgwood\/","title":{"rendered":"5\/2SKOD.ZA \u010cAJ EQUINOX DAR.SET R.C.-P"},"content":{"rendered":"<div class=\"woocommerce-product-details__short-description\">\n<p>\u0160alicama mo\u017eete dodati \u010daj po va\u0161em izboru:\u00a0 Earl Grey, English Breakfast, Imperial Fire, Jasmine Mao Feng, Wedgwood original, Emerald duchess. Svoj odabir upi\u0161ite u komentar va\u0161e naru\u0107be.<\/p>\n<\/div>\n<p>&nbsp;<\/p>\n","protected":false},"excerpt":{"rendered":"<p>\u0160alicama mo\u017eete dodati \u010daj po va\u0161em izboru:\u00a0 Earl Grey, English Breakfast, Imperial Fire, Jasmine Mao Feng, Wedgwood original, Emerald duchess. Svoj odabir upi\u0161ite u komentar [&hellip;]<\/p>\n","protected":false},"featured_media":10695,"comment_status":"open","ping_status":"open","template":"","meta":[],"product_brand":[],"product_cat":[1063],"product_tag":[651,751,752,773],"class_list":{"0":"post-11624","1":"product","2":"type-product","3":"status-publish","4":"has-post-thumbnail","6":"product_cat-case-za-konjak-hr","7":"product_tag-equinox-hr","8":"product_tag-poslovna-darila-hr","9":"product_tag-praznicna-darila-hr","10":"product_tag-za-caj-hr","12":"first","13":"instock","14":"shipping-taxable","15":"purchasable","16":"product-type-simple"},"_links":{"self":[{"href":"https:\/\/steklarna-rogaska.si\/hr\/wp-json\/wp\/v2\/product\/11624","targetHints":{"allow":["GET"]}}],"collection":[{"href":"https:\/\/steklarna-rogaska.si\/hr\/wp-json\/wp\/v2\/product"}],"about":[{"href":"https:\/\/steklarna-rogaska.si\/hr\/wp-json\/wp\/v2\/types\/product"}],"replies":[{"embeddable":true,"href":"https:\/\/steklarna-rogaska.si\/hr\/wp-json\/wp\/v2\/comments?post=11624"}],"wp:featuredmedia":[{"embeddable":true,"href":"https:\/\/steklarna-rogaska.si\/hr\/wp-json\/wp\/v2\/media\/10695"}],"wp:attachment":[{"href":"https:\/\/steklarna-rogaska.si\/hr\/wp-json\/wp\/v2\/media?parent=11624"}],"wp:term":[{"taxonomy":"product_brand","embeddable":true,"href":"https:\/\/steklarna-rogaska.si\/hr\/wp-json\/wp\/v2\/product_brand?post=11624"},{"taxonomy":"product_cat","embeddable":true,"href":"https:\/\/steklarna-rogaska.si\/hr\/wp-json\/wp\/v2\/product_cat?post=11624"},{"taxonomy":"product_tag","embeddable":true,"href":"https:\/\/steklarna-rogaska.si\/hr\/wp-json\/wp\/v2\/product_tag?post=11624"}],"curies":[{"name":"wp","href":"https:\/\/api.w.org\/{rel}","templated":true}]}}