{"id":11308,"date":"2020-10-26T08:29:31","date_gmt":"2020-10-26T08:29:31","guid":{"rendered":"https:\/\/steklarna-rogaska.si\/product\/gold-infinity-zdjelica-za-caj-kavu-i-tanjur-set-6\/"},"modified":"2024-10-10T10:10:26","modified_gmt":"2024-10-10T10:10:26","slug":"gold-infinity-zdjelica-za-caj-kavu-i-tanjur-set-6","status":"publish","type":"product","link":"https:\/\/steklarna-rogaska.si\/hr\/proizvod\/gold-infinity-zdjelica-za-caj-kavu-i-tanjur-set-6\/","title":{"rendered":"GOLD INFINITY &#8211; zdjelica za \u010daj\/kavu i tanjur  (set 6)"},"content":{"rendered":"<p>Set vklju\u010duje 6 skodelic za \u010daj\/ kavo in 6 podstavkov.<\/p>\n<p>vi\u0161ina = 88 mm \u0161irina = 108 mm te\u017ea = 0,33 kg<\/p>\n<p style=\"color: white;\">\n","protected":false},"excerpt":{"rendered":"<p>Set vklju\u010duje 6 skodelic za \u010daj\/ kavo in 6 podstavkov. vi\u0161ina = 88 mm \u0161irina = 108 mm te\u017ea = 0,33 kg<\/p>\n","protected":false},"featured_media":10622,"comment_status":"open","ping_status":"open","template":"","meta":[],"product_brand":[],"product_cat":[1229,1045,1119,1118,1034,1041,1039,1226],"product_tag":[841,751,752,842],"class_list":{"0":"post-11308","1":"product","2":"type-product","3":"status-publish","4":"has-post-thumbnail","6":"product_cat-poklon-program","7":"product_cat-poklon-za-njega","8":"product_cat-poklon-za-nju","9":"product_cat-poklon-za-vjencanje","10":"product_cat-poslovni-pokloni","11":"product_cat-bozicna-ponuda","12":"product_cat-salice-za-kavu-caj-sladoled","13":"product_cat-salice-za-kavu-hr","14":"product_tag-gold-infinity-hr","15":"product_tag-poslovna-darila-hr","16":"product_tag-praznicna-darila-hr","17":"product_tag-za-kavo-caj-hr","19":"first","20":"outofstock","21":"shipping-taxable","22":"purchasable","23":"product-type-simple"},"_links":{"self":[{"href":"https:\/\/steklarna-rogaska.si\/hr\/wp-json\/wp\/v2\/product\/11308","targetHints":{"allow":["GET"]}}],"collection":[{"href":"https:\/\/steklarna-rogaska.si\/hr\/wp-json\/wp\/v2\/product"}],"about":[{"href":"https:\/\/steklarna-rogaska.si\/hr\/wp-json\/wp\/v2\/types\/product"}],"replies":[{"embeddable":true,"href":"https:\/\/steklarna-rogaska.si\/hr\/wp-json\/wp\/v2\/comments?post=11308"}],"wp:featuredmedia":[{"embeddable":true,"href":"https:\/\/steklarna-rogaska.si\/hr\/wp-json\/wp\/v2\/media\/10622"}],"wp:attachment":[{"href":"https:\/\/steklarna-rogaska.si\/hr\/wp-json\/wp\/v2\/media?parent=11308"}],"wp:term":[{"taxonomy":"product_brand","embeddable":true,"href":"https:\/\/steklarna-rogaska.si\/hr\/wp-json\/wp\/v2\/product_brand?post=11308"},{"taxonomy":"product_cat","embeddable":true,"href":"https:\/\/steklarna-rogaska.si\/hr\/wp-json\/wp\/v2\/product_cat?post=11308"},{"taxonomy":"product_tag","embeddable":true,"href":"https:\/\/steklarna-rogaska.si\/hr\/wp-json\/wp\/v2\/product_tag?post=11308"}],"curies":[{"name":"wp","href":"https:\/\/api.w.org\/{rel}","templated":true}]}}