{"id":11306,"date":"2025-05-21T08:33:00","date_gmt":"2025-05-21T08:33:00","guid":{"rendered":"https:\/\/steklarna-rogaska.si\/product\/london-set-svjecnjaka\/"},"modified":"2025-06-16T19:42:13","modified_gmt":"2025-06-16T19:42:13","slug":"london-set-svjecnjaka","status":"publish","type":"product","link":"https:\/\/steklarna-rogaska.si\/hr\/proizvod\/london-set-svjecnjaka\/","title":{"rendered":"SET OD 3 SVJE\u0106NJAKA RAZLI\u010cITIH VELI\u010cINA &#8211; LONDON &#8211; set"},"content":{"rendered":"<p>visina = 305 mm \/ 255 mm \/ 204 mm<\/p>\n<p> \u0161irina = 108 mm<\/p>\n<p style=\"color: white;\">\n","protected":false},"excerpt":{"rendered":"<p>visina = 305 mm \/ 255 mm \/ 204 mm \u0161irina = 108 mm<\/p>\n","protected":false},"featured_media":10628,"comment_status":"open","ping_status":"closed","template":"","meta":[],"product_brand":[],"product_cat":[1037,1038,1229,1041,1036],"product_tag":[677,751,752],"class_list":{"0":"post-11306","1":"product","2":"type-product","3":"status-publish","4":"has-post-thumbnail","6":"product_cat-bozic","7":"product_cat-bozicne-dekoracije","8":"product_cat-poklon-program","9":"product_cat-bozicna-ponuda","10":"product_cat-svijecnjak","11":"product_tag-london-hr","12":"product_tag-poslovna-darila-hr","13":"product_tag-praznicna-darila-hr","15":"first","16":"instock","17":"shipping-taxable","18":"purchasable","19":"product-type-simple"},"_links":{"self":[{"href":"https:\/\/steklarna-rogaska.si\/hr\/wp-json\/wp\/v2\/product\/11306","targetHints":{"allow":["GET"]}}],"collection":[{"href":"https:\/\/steklarna-rogaska.si\/hr\/wp-json\/wp\/v2\/product"}],"about":[{"href":"https:\/\/steklarna-rogaska.si\/hr\/wp-json\/wp\/v2\/types\/product"}],"replies":[{"embeddable":true,"href":"https:\/\/steklarna-rogaska.si\/hr\/wp-json\/wp\/v2\/comments?post=11306"}],"wp:featuredmedia":[{"embeddable":true,"href":"https:\/\/steklarna-rogaska.si\/hr\/wp-json\/wp\/v2\/media\/10628"}],"wp:attachment":[{"href":"https:\/\/steklarna-rogaska.si\/hr\/wp-json\/wp\/v2\/media?parent=11306"}],"wp:term":[{"taxonomy":"product_brand","embeddable":true,"href":"https:\/\/steklarna-rogaska.si\/hr\/wp-json\/wp\/v2\/product_brand?post=11306"},{"taxonomy":"product_cat","embeddable":true,"href":"https:\/\/steklarna-rogaska.si\/hr\/wp-json\/wp\/v2\/product_cat?post=11306"},{"taxonomy":"product_tag","embeddable":true,"href":"https:\/\/steklarna-rogaska.si\/hr\/wp-json\/wp\/v2\/product_tag?post=11306"}],"curies":[{"name":"wp","href":"https:\/\/api.w.org\/{rel}","templated":true}]}}