{"id":11299,"date":"2020-11-23T08:38:07","date_gmt":"2020-11-23T08:38:07","guid":{"rendered":"https:\/\/steklarna-rogaska.si\/product\/armudi-star-casa-za-caj-set-6-kos\/"},"modified":"2024-03-31T00:00:08","modified_gmt":"2024-03-31T00:00:08","slug":"armudi-star-casa-za-caj-set-6-kos","status":"publish","type":"product","link":"https:\/\/steklarna-rogaska.si\/hr\/proizvod\/armudi-star-casa-za-caj-set-6-kos\/","title":{"rendered":"ARMUDI STAR &#8211; \u010da\u0161a za \u010daj &#8211; set 6 kos"},"content":{"rendered":"<p>vi\u0161ina = 100 mm \u0161irina (fi) = 70 mm<\/p>\n","protected":false},"excerpt":{"rendered":"<p>vi\u0161ina = 100 mm \u0161irina (fi) = 70 mm<\/p>\n","protected":false},"featured_media":11060,"comment_status":"open","ping_status":"open","template":"","meta":[],"product_brand":[],"product_cat":[1039,1127],"product_tag":[838,751,752,773],"class_list":{"0":"post-11299","1":"product","2":"type-product","3":"status-publish","4":"has-post-thumbnail","6":"product_cat-salice-za-kavu-caj-sladoled","7":"product_cat-salice-za-caj","8":"product_tag-armudi-star-hr","9":"product_tag-poslovna-darila-hr","10":"product_tag-praznicna-darila-hr","11":"product_tag-za-caj-hr","13":"first","14":"outofstock","15":"shipping-taxable","16":"purchasable","17":"product-type-simple"},"_links":{"self":[{"href":"https:\/\/steklarna-rogaska.si\/hr\/wp-json\/wp\/v2\/product\/11299","targetHints":{"allow":["GET"]}}],"collection":[{"href":"https:\/\/steklarna-rogaska.si\/hr\/wp-json\/wp\/v2\/product"}],"about":[{"href":"https:\/\/steklarna-rogaska.si\/hr\/wp-json\/wp\/v2\/types\/product"}],"replies":[{"embeddable":true,"href":"https:\/\/steklarna-rogaska.si\/hr\/wp-json\/wp\/v2\/comments?post=11299"}],"wp:featuredmedia":[{"embeddable":true,"href":"https:\/\/steklarna-rogaska.si\/hr\/wp-json\/wp\/v2\/media\/11060"}],"wp:attachment":[{"href":"https:\/\/steklarna-rogaska.si\/hr\/wp-json\/wp\/v2\/media?parent=11299"}],"wp:term":[{"taxonomy":"product_brand","embeddable":true,"href":"https:\/\/steklarna-rogaska.si\/hr\/wp-json\/wp\/v2\/product_brand?post=11299"},{"taxonomy":"product_cat","embeddable":true,"href":"https:\/\/steklarna-rogaska.si\/hr\/wp-json\/wp\/v2\/product_cat?post=11299"},{"taxonomy":"product_tag","embeddable":true,"href":"https:\/\/steklarna-rogaska.si\/hr\/wp-json\/wp\/v2\/product_tag?post=11299"}],"curies":[{"name":"wp","href":"https:\/\/api.w.org\/{rel}","templated":true}]}}