{"id":11297,"date":"2020-11-23T10:17:24","date_gmt":"2020-11-23T10:17:24","guid":{"rendered":"https:\/\/steklarna-rogaska.si\/product\/precious-casa-za-bjelo-vino-set-2-kosa\/"},"modified":"2024-06-10T09:21:39","modified_gmt":"2024-06-10T09:21:39","slug":"precious-casa-za-bjelo-vino-set-2-kosa","status":"publish","type":"product","link":"https:\/\/steklarna-rogaska.si\/hr\/proizvod\/precious-casa-za-bjelo-vino-set-2-kosa\/","title":{"rendered":"PRECIOUS &#8211; \u010da\u0161a za bjelo vino  &#8211; set 2 kosa"},"content":{"rendered":"<p>vi\u0161ina = 195 \u0161irina (fi) = 75 mm<\/p>\n","protected":false},"excerpt":{"rendered":"<p>vi\u0161ina = 195 \u0161irina (fi) = 75 mm<\/p>\n","protected":false},"featured_media":11054,"comment_status":"open","ping_status":"closed","template":"","meta":[],"product_brand":[],"product_cat":[1060,1078,559,1077],"product_tag":[1080,751,752,836,1115,567,687],"class_list":{"0":"post-11297","1":"product","2":"type-product","3":"status-publish","4":"has-post-thumbnail","6":"product_cat-case","7":"product_cat-case-za-vino","8":"product_cat-sve-za-vino","9":"product_cat-case-za-vino-hr","10":"product_tag-kelih-rogaska-hr","11":"product_tag-poslovna-darila-hr","12":"product_tag-praznicna-darila-hr","13":"product_tag-precious-hr","14":"product_tag-vinski-kelih-hr","15":"product_tag-za-bijelo-vino","16":"product_tag-za-vino-hr-2","18":"first","19":"instock","20":"shipping-taxable","21":"purchasable","22":"product-type-simple"},"_links":{"self":[{"href":"https:\/\/steklarna-rogaska.si\/hr\/wp-json\/wp\/v2\/product\/11297","targetHints":{"allow":["GET"]}}],"collection":[{"href":"https:\/\/steklarna-rogaska.si\/hr\/wp-json\/wp\/v2\/product"}],"about":[{"href":"https:\/\/steklarna-rogaska.si\/hr\/wp-json\/wp\/v2\/types\/product"}],"replies":[{"embeddable":true,"href":"https:\/\/steklarna-rogaska.si\/hr\/wp-json\/wp\/v2\/comments?post=11297"}],"wp:featuredmedia":[{"embeddable":true,"href":"https:\/\/steklarna-rogaska.si\/hr\/wp-json\/wp\/v2\/media\/11054"}],"wp:attachment":[{"href":"https:\/\/steklarna-rogaska.si\/hr\/wp-json\/wp\/v2\/media?parent=11297"}],"wp:term":[{"taxonomy":"product_brand","embeddable":true,"href":"https:\/\/steklarna-rogaska.si\/hr\/wp-json\/wp\/v2\/product_brand?post=11297"},{"taxonomy":"product_cat","embeddable":true,"href":"https:\/\/steklarna-rogaska.si\/hr\/wp-json\/wp\/v2\/product_cat?post=11297"},{"taxonomy":"product_tag","embeddable":true,"href":"https:\/\/steklarna-rogaska.si\/hr\/wp-json\/wp\/v2\/product_tag?post=11297"}],"curies":[{"name":"wp","href":"https:\/\/api.w.org\/{rel}","templated":true}]}}