{"id":11296,"date":"2020-11-23T12:23:06","date_gmt":"2020-11-23T12:23:06","guid":{"rendered":"https:\/\/steklarna-rogaska.si\/product\/precious-casa-za-crno-vino-goblet-set-2-kosa\/"},"modified":"2024-06-10T09:21:39","modified_gmt":"2024-06-10T09:21:39","slug":"precious-casa-za-crno-vino-goblet-set-2-kosa","status":"publish","type":"product","link":"https:\/\/steklarna-rogaska.si\/hr\/proizvod\/precious-casa-za-crno-vino-goblet-set-2-kosa\/","title":{"rendered":"PRECIOUS &#8211; \u010da\u0161a za crno vino &#8211; goblet  &#8211; set 2 kosa"},"content":{"rendered":"<p>vi\u0161ina = 220 mm \u0161irina (fi) = 80 mm<\/p>\n","protected":false},"excerpt":{"rendered":"<p>vi\u0161ina = 220 mm \u0161irina (fi) = 80 mm<\/p>\n","protected":false},"featured_media":11051,"comment_status":"open","ping_status":"closed","template":"","meta":[],"product_brand":[],"product_cat":[1060,1078,559,1077],"product_tag":[1080,736,735,752,836,1115,566,570],"class_list":{"0":"post-11296","1":"product","2":"type-product","3":"status-publish","4":"has-post-thumbnail","6":"product_cat-case","7":"product_cat-case-za-vino","8":"product_cat-sve-za-vino","9":"product_cat-case-za-vino-hr","10":"product_tag-kelih-rogaska-hr","11":"product_tag-porocna-darila-hr-2","12":"product_tag-poroka-hr-2","13":"product_tag-praznicna-darila-hr","14":"product_tag-precious-hr","15":"product_tag-vinski-kelih-hr","16":"product_tag-za-crveno-vino","17":"product_tag-za-vodu","19":"first","20":"instock","21":"shipping-taxable","22":"purchasable","23":"product-type-simple"},"_links":{"self":[{"href":"https:\/\/steklarna-rogaska.si\/hr\/wp-json\/wp\/v2\/product\/11296","targetHints":{"allow":["GET"]}}],"collection":[{"href":"https:\/\/steklarna-rogaska.si\/hr\/wp-json\/wp\/v2\/product"}],"about":[{"href":"https:\/\/steklarna-rogaska.si\/hr\/wp-json\/wp\/v2\/types\/product"}],"replies":[{"embeddable":true,"href":"https:\/\/steklarna-rogaska.si\/hr\/wp-json\/wp\/v2\/comments?post=11296"}],"wp:featuredmedia":[{"embeddable":true,"href":"https:\/\/steklarna-rogaska.si\/hr\/wp-json\/wp\/v2\/media\/11051"}],"wp:attachment":[{"href":"https:\/\/steklarna-rogaska.si\/hr\/wp-json\/wp\/v2\/media?parent=11296"}],"wp:term":[{"taxonomy":"product_brand","embeddable":true,"href":"https:\/\/steklarna-rogaska.si\/hr\/wp-json\/wp\/v2\/product_brand?post=11296"},{"taxonomy":"product_cat","embeddable":true,"href":"https:\/\/steklarna-rogaska.si\/hr\/wp-json\/wp\/v2\/product_cat?post=11296"},{"taxonomy":"product_tag","embeddable":true,"href":"https:\/\/steklarna-rogaska.si\/hr\/wp-json\/wp\/v2\/product_tag?post=11296"}],"curies":[{"name":"wp","href":"https:\/\/api.w.org\/{rel}","templated":true}]}}