{"id":11292,"date":"2020-11-23T10:12:05","date_gmt":"2020-11-23T10:12:05","guid":{"rendered":"https:\/\/steklarna-rogaska.si\/product\/titanic-svecnik-25-cm-set-2-kosa\/"},"modified":"2024-10-12T04:24:02","modified_gmt":"2024-10-12T04:24:02","slug":"titanic-svecnik-25-cm-set-2-kosa","status":"publish","type":"product","link":"https:\/\/steklarna-rogaska.si\/hr\/proizvod\/titanic-svecnik-25-cm-set-2-kosa\/","title":{"rendered":"TITANIC &#8211; svije\u0107njak 25 cm  &#8211; set 2 kosa"},"content":{"rendered":"<p>V=255 mm \u0160=94 mm te\u017ea= 1,10 kg<\/p>\n","protected":false},"excerpt":{"rendered":"<p>V=255 mm \u0160=94 mm te\u017ea= 1,10 kg<\/p>\n","protected":false},"featured_media":11126,"comment_status":"open","ping_status":"closed","template":"","meta":[],"product_brand":[],"product_cat":[1036],"product_tag":[751,752,734],"class_list":{"0":"post-11292","1":"product","2":"type-product","3":"status-publish","4":"has-post-thumbnail","6":"product_cat-svijecnjak","7":"product_tag-poslovna-darila-hr","8":"product_tag-praznicna-darila-hr","9":"product_tag-titanic-hr","11":"first","12":"outofstock","13":"shipping-taxable","14":"purchasable","15":"product-type-simple"},"_links":{"self":[{"href":"https:\/\/steklarna-rogaska.si\/hr\/wp-json\/wp\/v2\/product\/11292","targetHints":{"allow":["GET"]}}],"collection":[{"href":"https:\/\/steklarna-rogaska.si\/hr\/wp-json\/wp\/v2\/product"}],"about":[{"href":"https:\/\/steklarna-rogaska.si\/hr\/wp-json\/wp\/v2\/types\/product"}],"replies":[{"embeddable":true,"href":"https:\/\/steklarna-rogaska.si\/hr\/wp-json\/wp\/v2\/comments?post=11292"}],"wp:featuredmedia":[{"embeddable":true,"href":"https:\/\/steklarna-rogaska.si\/hr\/wp-json\/wp\/v2\/media\/11126"}],"wp:attachment":[{"href":"https:\/\/steklarna-rogaska.si\/hr\/wp-json\/wp\/v2\/media?parent=11292"}],"wp:term":[{"taxonomy":"product_brand","embeddable":true,"href":"https:\/\/steklarna-rogaska.si\/hr\/wp-json\/wp\/v2\/product_brand?post=11292"},{"taxonomy":"product_cat","embeddable":true,"href":"https:\/\/steklarna-rogaska.si\/hr\/wp-json\/wp\/v2\/product_cat?post=11292"},{"taxonomy":"product_tag","embeddable":true,"href":"https:\/\/steklarna-rogaska.si\/hr\/wp-json\/wp\/v2\/product_tag?post=11292"}],"curies":[{"name":"wp","href":"https:\/\/api.w.org\/{rel}","templated":true}]}}