{"id":10343,"date":"2020-10-01T13:00:52","date_gmt":"2020-10-01T13:00:52","guid":{"rendered":"https:\/\/steklarna-rogaska.si\/?post_type=product&#038;p=10343"},"modified":"2026-04-21T05:23:20","modified_gmt":"2026-04-21T05:23:20","slug":"vortex-kozarec-za-penino-set-2","status":"publish","type":"product","link":"https:\/\/steklarna-rogaska.si\/hr\/proizvod\/vortex-kozarec-za-penino-set-2\/","title":{"rendered":"KOZAREC ZA PENINO &#8211; VORTEX &#8211; set 2 kos"},"content":{"rendered":"<p>vi\u0161ina = 292 mm<\/p>\n<p>\u0161irina = 66 mm<\/p>\n<p>vol. 250 ml<\/p>\n","protected":false},"excerpt":{"rendered":"<p>Serija Vortex je namenjena ljubiteljam vina, ki od vrhunsko zasnovanega keliha za optimalno oku\u0161anje vina pri\u010dakujejo tudi izjemno estetiko. Serija se pona\u0161a s \u010da\u0161ami, ki jih krasi &#8220;opti\u010dni&#8221; efekt, dose\u017een s posebno tehniko vro\u010dega oblikovanja stekla. Zagotovo si jih boste \u017eeleli tudi na va\u0161i slavnostni mizi.<\/p>\n","protected":false},"featured_media":10322,"comment_status":"open","ping_status":"open","template":"","meta":[],"product_brand":[],"product_cat":[921,920,924,926,284,911],"product_tag":[977,968,972,973,978,441,971,976,792,468],"class_list":{"0":"post-10343","1":"product","2":"type-product","3":"status-publish","4":"has-post-thumbnail","6":"product_cat-darila-zanjo","7":"product_cat-porocna-darila","8":"product_cat-kozarci-2","9":"product_cat-kozarci-za-penino-2","10":"product_cat-vinski-program-default-group","11":"product_cat-kozarci-za-penino","12":"product_tag-kelih-rogaska","13":"product_tag-kelih-za-penino","14":"product_tag-kelih-za-vino","15":"product_tag-kozarec-za-vino","16":"product_tag-peninski-kelih","17":"product_tag-porocna-darila","18":"product_tag-vinski-kelih","19":"product_tag-vinski-kozarec","20":"product_tag-vortex","21":"product_tag-za-penino","23":"first","24":"outofstock","25":"shipping-taxable","26":"purchasable","27":"product-type-simple"},"_links":{"self":[{"href":"https:\/\/steklarna-rogaska.si\/hr\/wp-json\/wp\/v2\/product\/10343","targetHints":{"allow":["GET"]}}],"collection":[{"href":"https:\/\/steklarna-rogaska.si\/hr\/wp-json\/wp\/v2\/product"}],"about":[{"href":"https:\/\/steklarna-rogaska.si\/hr\/wp-json\/wp\/v2\/types\/product"}],"replies":[{"embeddable":true,"href":"https:\/\/steklarna-rogaska.si\/hr\/wp-json\/wp\/v2\/comments?post=10343"}],"wp:featuredmedia":[{"embeddable":true,"href":"https:\/\/steklarna-rogaska.si\/hr\/wp-json\/wp\/v2\/media\/10322"}],"wp:attachment":[{"href":"https:\/\/steklarna-rogaska.si\/hr\/wp-json\/wp\/v2\/media?parent=10343"}],"wp:term":[{"taxonomy":"product_brand","embeddable":true,"href":"https:\/\/steklarna-rogaska.si\/hr\/wp-json\/wp\/v2\/product_brand?post=10343"},{"taxonomy":"product_cat","embeddable":true,"href":"https:\/\/steklarna-rogaska.si\/hr\/wp-json\/wp\/v2\/product_cat?post=10343"},{"taxonomy":"product_tag","embeddable":true,"href":"https:\/\/steklarna-rogaska.si\/hr\/wp-json\/wp\/v2\/product_tag?post=10343"}],"curies":[{"name":"wp","href":"https:\/\/api.w.org\/{rel}","templated":true}]}}