{"id":10159,"date":"2020-09-10T13:08:41","date_gmt":"2020-09-10T13:08:41","guid":{"rendered":"https:\/\/steklarna-rogaska.si\/?post_type=product&#038;p=10159"},"modified":"2024-03-08T06:03:03","modified_gmt":"2024-03-08T06:03:03","slug":"denver-skodelica-za-caj-1-kos","status":"publish","type":"product","link":"https:\/\/steklarna-rogaska.si\/hr\/proizvod\/denver-skodelica-za-caj-1-kos\/","title":{"rendered":"SKODELICA ZA \u010cAJ &#8211; DENVER &#8211; kos"},"content":{"rendered":"<p>vi\u0161ina = 115 mm \u0161irina = 95 mm te\u017ea = 0,3 kg<\/p>\n","protected":false},"excerpt":{"rendered":"<p>vi\u0161ina = 115 mm \u0161irina = 95 mm te\u017ea = 0,3 kg<\/p>\n","protected":false},"featured_media":10164,"comment_status":"open","ping_status":"open","template":"","meta":[],"product_brand":[],"product_cat":[956,958],"product_tag":[788,485,442],"class_list":{"0":"post-10159","1":"product","2":"type-product","3":"status-publish","4":"has-post-thumbnail","6":"product_cat-skodelice-za-caj-kavo-sladoled","7":"product_cat-skodelice-za-caj","8":"product_tag-denver","9":"product_tag-poslovna-darila","10":"product_tag-praznicna-darila","12":"first","13":"outofstock","14":"shipping-taxable","15":"purchasable","16":"product-type-simple"},"_links":{"self":[{"href":"https:\/\/steklarna-rogaska.si\/hr\/wp-json\/wp\/v2\/product\/10159","targetHints":{"allow":["GET"]}}],"collection":[{"href":"https:\/\/steklarna-rogaska.si\/hr\/wp-json\/wp\/v2\/product"}],"about":[{"href":"https:\/\/steklarna-rogaska.si\/hr\/wp-json\/wp\/v2\/types\/product"}],"replies":[{"embeddable":true,"href":"https:\/\/steklarna-rogaska.si\/hr\/wp-json\/wp\/v2\/comments?post=10159"}],"wp:featuredmedia":[{"embeddable":true,"href":"https:\/\/steklarna-rogaska.si\/hr\/wp-json\/wp\/v2\/media\/10164"}],"wp:attachment":[{"href":"https:\/\/steklarna-rogaska.si\/hr\/wp-json\/wp\/v2\/media?parent=10159"}],"wp:term":[{"taxonomy":"product_brand","embeddable":true,"href":"https:\/\/steklarna-rogaska.si\/hr\/wp-json\/wp\/v2\/product_brand?post=10159"},{"taxonomy":"product_cat","embeddable":true,"href":"https:\/\/steklarna-rogaska.si\/hr\/wp-json\/wp\/v2\/product_cat?post=10159"},{"taxonomy":"product_tag","embeddable":true,"href":"https:\/\/steklarna-rogaska.si\/hr\/wp-json\/wp\/v2\/product_tag?post=10159"}],"curies":[{"name":"wp","href":"https:\/\/api.w.org\/{rel}","templated":true}]}}