{"id":7122,"date":"2020-04-15T17:12:19","date_gmt":"2020-04-15T17:12:19","guid":{"rendered":"https:\/\/steklarna-rogaska.si\/veleprodaja\/"},"modified":"2020-05-09T19:04:11","modified_gmt":"2020-05-09T19:04:11","slug":"veleprodaja","status":"publish","type":"page","link":"https:\/\/steklarna-rogaska.si\/hr\/veleprodaja\/","title":{"rendered":"Veleprodaja"},"content":{"rendered":"<div class=\"wpb-content-wrapper\"><p>[vc_row content_placement=&#8221;middle&#8221;][vc_column]<div class=\"qodef-elements-holder   qodef-one-column  qodef-responsive-mode-768 \" ><div class=\"qodef-eh-item    \"  data-item-class=\"qodef-eh-custom-1628\" data-1367-1600=\"134px 29% 110px\" data-1025-1366=\"134px 27% 110px\" data-769-1024=\"134px 21% 110px\" data-681-768=\"134px 10% 110px\" data-680=\"134px 11% 110px\">\n\t<div class=\"qodef-eh-item-inner\">\n\t\t<div class=\"qodef-eh-item-content qodef-eh-custom-1628\" style=\"padding: 134px 34% 110px\">\n\t\t\t<div class=\"qodef-section-title-holder  qodef-st-standard qodef-st-title-left qodef-st-normal-space \" style=\"text-align: center\">\n\t<div class=\"qodef-st-inner\">\n\t\t\t\t\t<h2 class=\"qodef-st-title\" >\n\t\t\t\tBUSINESS TO BUSINESS (B2B)\t\t\t<\/h2>\n\t\t\t\t\t\t\t<h4 class=\"qodef-st-text\" style=\"font-weight: 300\">\n\t\t\t\tPoznati smo po tome da klijent odnosno potencijalni partner na jednome mjestu mo\u017ee dobiti uistinu \u0161iroku paletu proizvoda od kristala i kristalina u visokom srednjem, vi\u0161em, ali i najvi\u0161em razredu kvalitete. Bila rije\u010d o ru\u010dnoj, strojnoj ili kombiniranoj proizvodnji, bru\u0161enom ili glatkom proizvodu, proizvodnji unikata ili maloj do srednjoj serijskoj proizvodnji. Tako zahtjevan asortiman, koji je ve\u0107inom ru\u010dne izrade, proizvodi sve manje staklarna u svijetu.\t\t\t<\/h4>\n\t\t\t<\/div>\n<\/div>\t\t<\/div>\n\t<\/div>\n<\/div><\/div>[\/vc_column][\/vc_row][vc_row equal_height=&#8221;yes&#8221; content_placement=&#8221;middle&#8221; row_content_width=&#8221;grid&#8221; css=&#8221;.vc_custom_1586971583041{padding-top: 55px !important;padding-bottom: 52px !important;}&#8221;][vc_column offset=&#8221;vc_col-lg-6&#8243;][vc_single_image image=&#8221;5665&#8243; img_size=&#8221;full&#8221; el_class=&#8221;vc_hidden-lg vc_hidden-md&#8221;][vc_custom_heading text=&#8221;PONUDA&#8221;][vc_column_text]<\/p>\n<ul>\n<li>Razvoj &amp; dizajn \u2013 na osnovi \u017eelja naru\u010ditelja\/kupca provodimo cjelokupni proces realizacije proizvoda \u2013 od faze zamisli i tehnolo\u0161kog razvoja do finalnog proizvoda. To vrijedi i za unikatne komade.<\/li>\n<li>Proizvodnja kristalnih proizvoda u serijama prema narud\u017ebi.<\/li>\n<li>Vrhunski darovni program: protokolarni darovi, sportska priznanja, pehari\u2026<\/li>\n<li>Unikatni luksuzni proizvodi po narud\u017ebi.<\/li>\n<li>Poslovni darovi.<\/li>\n<li>Proizvodnja ambala\u017ee za pakiranje vlastitih proizvoda.<\/li>\n<\/ul>\n<p>[\/vc_column_text][\/vc_column][vc_column offset=&#8221;vc_col-lg-6&#8243; el_class=&#8221;vc_hidden-sm vc_hidden-xs&#8221;][vc_single_image image=&#8221;5665&#8243; img_size=&#8221;full&#8221;][\/vc_column][\/vc_row][vc_row equal_height=&#8221;yes&#8221; content_placement=&#8221;middle&#8221; row_content_width=&#8221;grid&#8221; css=&#8221;.vc_custom_1586971572205{padding-top: 55px !important;padding-bottom: 52px !important;}&#8221;][vc_column offset=&#8221;vc_col-lg-6&#8243;][vc_single_image image=&#8221;5667&#8243; img_size=&#8221;full&#8221;][\/vc_column][vc_column offset=&#8221;vc_col-lg-6&#8243;][vc_custom_heading text=&#8221;PROIZVODNJA&#8221;][vc_column_text]<\/p>\n<ul>\n<li>Ru\u010dna, strojna i kombinirana proizvodnja primjenom klasi\u010dnih i<br \/>\nsuvremenih tehnologija za provedbu najzahtjevnijih izvedbi.<\/li>\n<li>Unikatna ili mala do srednja serijska proizvodnja.<\/li>\n<li>Proizvodi opse\u017enije serijske proizvodnje prema dogovoru s naru\u010diteljima (na\u0161i<br \/>\nsu naru\u010ditelji inozemne presti\u017ene robne marke).<\/li>\n<li>Staklarna Roga\u0161ka bavi se proizvodnjom staklenih proizvoda od kristala i kristalina. Osim toga, za pakiranje vlastitih proizvoda proizvodimo i ambala\u017eu, a te kapacitete mo\u017eemo ponuditi i ostalim poduze\u0107ima s potrebama za pakiranjem.<\/li>\n<\/ul>\n<p>[\/vc_column_text][\/vc_column][\/vc_row][vc_row content_text_aligment=&#8221;center&#8221;][vc_column]<div class=\"qodef-elements-holder   qodef-one-column  qodef-responsive-mode-768 \" ><div class=\"qodef-eh-item    \"  data-item-class=\"qodef-eh-custom-7638\" data-1367-1600=\"34px 29% 150px\" data-1025-1366=\"34px 27% 150px\" data-769-1024=\"34px 21% 150px\" data-681-768=\"34px 10% 150px\" data-680=\"34px 11% 150px\">\n\t<div class=\"qodef-eh-item-inner\">\n\t\t<div class=\"qodef-eh-item-content qodef-eh-custom-7638\" style=\"padding: 34px 34% 150px\">\n\t\t\t<a itemprop=\"url\" href=\"mailto:info.rogaska@fiskars.com\" target=\"_self\" style=\"color: #a58355;border-color: #a58355;font-weight: 500\" class=\"qodef-btn qodef-btn-large qodef-btn-outline qodef-btn-custom-hover-bg qodef-btn-custom-border-hover qodef-btn-icon\" data-hover-bg-color=\"#a58355\" data-hover-border-color=\"#a58355\" >\n    <span class=\"qodef-btn-text\">PO\u0160ALJI UPIT<\/span>\n    <span aria-hidden=\"true\" class=\"qodef-icon-font-elegant arrow_carrot-right \" ><\/span><\/a>[vc_empty_space]\t\t<\/div>\n\t<\/div>\n<\/div><\/div>[\/vc_column][\/vc_row]<\/p>\n<\/div>","protected":false},"excerpt":{"rendered":"<p>[vc_row content_placement=&#8221;middle&#8221;][vc_column][\/vc_column][\/vc_row][vc_row equal_height=&#8221;yes&#8221; content_placement=&#8221;middle&#8221; row_content_width=&#8221;grid&#8221; css=&#8221;.vc_custom_1586971583041{padding-top: 55px !important;padding-bottom: 52px !important;}&#8221;][vc_column offset=&#8221;vc_col-lg-6&#8243;][vc_single_image image=&#8221;5665&#8243; img_size=&#8221;full&#8221; el_class=&#8221;vc_hidden-lg vc_hidden-md&#8221;][vc_custom_heading text=&#8221;PONUDA&#8221;][vc_column_text] Razvoj &amp; dizajn \u2013 na osnovi \u017eelja naru\u010ditelja\/kupca provodimo [&hellip;]<\/p>\n","protected":false},"author":1544,"featured_media":0,"parent":0,"menu_order":0,"comment_status":"closed","ping_status":"closed","template":"full-width.php","meta":{"footnotes":""},"class_list":["post-7122","page","type-page","status-publish","hentry"],"_links":{"self":[{"href":"https:\/\/steklarna-rogaska.si\/hr\/wp-json\/wp\/v2\/pages\/7122","targetHints":{"allow":["GET"]}}],"collection":[{"href":"https:\/\/steklarna-rogaska.si\/hr\/wp-json\/wp\/v2\/pages"}],"about":[{"href":"https:\/\/steklarna-rogaska.si\/hr\/wp-json\/wp\/v2\/types\/page"}],"author":[{"embeddable":true,"href":"https:\/\/steklarna-rogaska.si\/hr\/wp-json\/wp\/v2\/users\/1544"}],"replies":[{"embeddable":true,"href":"https:\/\/steklarna-rogaska.si\/hr\/wp-json\/wp\/v2\/comments?post=7122"}],"version-history":[{"count":4,"href":"https:\/\/steklarna-rogaska.si\/hr\/wp-json\/wp\/v2\/pages\/7122\/revisions"}],"predecessor-version":[{"id":7131,"href":"https:\/\/steklarna-rogaska.si\/hr\/wp-json\/wp\/v2\/pages\/7122\/revisions\/7131"}],"wp:attachment":[{"href":"https:\/\/steklarna-rogaska.si\/hr\/wp-json\/wp\/v2\/media?parent=7122"}],"curies":[{"name":"wp","href":"https:\/\/api.w.org\/{rel}","templated":true}]}}