{"id":7117,"date":"2019-12-18T07:55:47","date_gmt":"2019-12-18T07:55:47","guid":{"rendered":"https:\/\/steklarna-rogaska.si\/o-nas\/"},"modified":"2020-05-22T13:43:27","modified_gmt":"2020-05-22T13:43:27","slug":"o-nama","status":"publish","type":"page","link":"https:\/\/steklarna-rogaska.si\/hr\/o-nama\/","title":{"rendered":"O nama"},"content":{"rendered":"<div class=\"wpb-content-wrapper\"><p>[vc_row content_placement=&#8221;middle&#8221; css=&#8221;.vc_custom_1586967020109{padding-bottom: 0px !important;}&#8221;][vc_column]<div class=\"qodef-elements-holder   qodef-one-column  qodef-responsive-mode-768 \" ><div class=\"qodef-eh-item    \"  data-item-class=\"qodef-eh-custom-9535\" data-1367-1600=\"134px 29% 0\" data-1025-1366=\"134px 27% 0\" data-769-1024=\"134px 21% 0\" data-681-768=\"134px 10% 0\" data-680=\"134px 11% 0\">\n\t<div class=\"qodef-eh-item-inner\">\n\t\t<div class=\"qodef-eh-item-content qodef-eh-custom-9535\" style=\"padding: 134px 34% 0px\">\n\t\t\t<div class=\"qodef-section-title-holder  qodef-st-standard qodef-st-title-left qodef-st-normal-space \" style=\"text-align: center\">\n\t<div class=\"qodef-st-inner\">\n\t\t\t\t\t<h2 class=\"qodef-st-title\" >\n\t\t\t\t\u010cUVARI DRAGOCJENIH USPOMENA\t\t\t<\/h2>\n\t\t\t\t\t\t\t<h4 class=\"qodef-st-text\" style=\"line-height: 28px;font-weight: 300\">\n\t\t\t\tStaklarna Roga\u0161ka u dugogodi\u0161njoj tradiciji privla\u010dnim i suvremenim kristalnim proizvodima oplemenjuje na\u0161e domove te nudi nezaboravne darove koji nikad ne gube sjaj.\t\t\t<\/h4>\n\t\t\t<\/div>\n<\/div>\t\t<\/div>\n\t<\/div>\n<\/div><\/div>[\/vc_column][\/vc_row][vc_row content_placement=&#8221;middle&#8221; row_content_width=&#8221;grid&#8221; content_text_aligment=&#8221;center&#8221; css=&#8221;.vc_custom_1586969935368{padding-top: 80px !important;background-color: #ffffff !important;}&#8221;][vc_column offset=&#8221;vc_col-md-6&#8243;][vc_custom_heading text=&#8221;TRADICIJA DUGA 350 GODINA&#8221;][vc_column_text]<\/p>\n<p style=\"text-align: left;\">Crpimo iz tradicije podru\u010dja Trebu\u0161e, Pohorja i Kozjanskoga, gdje se mo\u017ee pratiti trag \u0161umske staklarne ili \u201egla\u017eute\u201c, od gotovo 350 godina. Staklarna Roga\u0161ka zapo\u010dela je s proizvodnjom 1927. Godine, na mjestu gdje se dandanas nalazi.<\/p>\n<p style=\"text-align: left;\">Ve\u0107 od po\u010detka Staklarna Roga\u0161ka bila je uspje\u0161na izvoznica ve\u0107ine svojih proizvoda, ponajprije u Sjedinjene Ameri\u010dke Dr\u017eave \u2013 od 1930. godine kristalni proizvodi Roga\u0161ka bili su dostupni u lancu ameri\u010dkih trgovina Bloomingdale\u2019s.<\/p>\n<p style=\"text-align: left;\">U drugoj polovini 20. stolje\u0107a po\u010deli smo se ostvarivati i kao nadasve uspje\u0161an partner i proizvo\u0111a\u010d za presti\u017ene inozemne robne marke, a danas osim navedenoga intenzivno gradimo na prepoznatljivosti vlastite, slovenske robne marke Roga\u0161ka.<\/p>\n<p>[\/vc_column_text][\/vc_column][vc_column offset=&#8221;vc_col-md-6&#8243; css=&#8221;.vc_custom_1586966726235{background-color: #ffffff !important;}&#8221;][vc_single_image image=&#8221;5633&#8243; img_size=&#8221;large&#8221;][\/vc_column][\/vc_row][vc_row content_placement=&#8221;middle&#8221; css=&#8221;.vc_custom_1586967020109{padding-bottom: 0px !important;}&#8221;][vc_column]<div class=\"qodef-elements-holder   qodef-one-column  qodef-responsive-mode-768 \" ><div class=\"qodef-eh-item    \"  data-item-class=\"qodef-eh-custom-4689\" data-1367-1600=\"134px 29% 0\" data-1025-1366=\"134px 27% 0\" data-769-1024=\"134px 21% 0\" data-681-768=\"134px 10% 0\" data-680=\"134px 11% 0\">\n\t<div class=\"qodef-eh-item-inner\">\n\t\t<div class=\"qodef-eh-item-content qodef-eh-custom-4689\" style=\"padding: 134px 34% 0px\">\n\t\t\t<div class=\"qodef-section-title-holder  qodef-st-standard qodef-st-title-left qodef-st-normal-space \" style=\"text-align: center\">\n\t<div class=\"qodef-st-inner\">\n\t\t\t\t\t<h2 class=\"qodef-st-title\" >\n\t\t\t\tZA DU\u0160U I AMBIJENT\t\t\t<\/h2>\n\t\t\t\t\t\t\t<h4 class=\"qodef-st-text\" style=\"line-height: 28px;font-weight: 300\">\n\t\t\t\tKristalni proizvodi Roga\u0161ka kreiraju i oplemenjuju ambijente. Odu\u0161evljavaju iznimnim oblicima, \u010darobnim izbru\u0161enim ornamentima i blistavom kvalitetom kristalnog stakla.\t\t\t<\/h4>\n\t\t\t<\/div>\n<\/div>\t\t<\/div>\n\t<\/div>\n<\/div><\/div>[\/vc_column][\/vc_row][vc_row content_placement=&#8221;middle&#8221; row_content_width=&#8221;grid&#8221; content_text_aligment=&#8221;center&#8221; css=&#8221;.vc_custom_1586966758652{padding-top: 40px !important;background-color: #ffffff !important;}&#8221;][vc_column offset=&#8221;vc_col-md-6&#8243;]<div class=\"qodef-elements-holder   qodef-one-column  qodef-responsive-mode-768 \" ><div class=\"qodef-eh-item    \"  data-item-class=\"qodef-eh-custom-3531\" data-1025-1366=\"128px 3% 0px\" data-769-1024=\"128px 7% 0px\">\n\t<div class=\"qodef-eh-item-inner\">\n\t\t<div class=\"qodef-eh-item-content qodef-eh-custom-3531\" style=\"padding: 128px 5% 0px\">\n\t\t\t<div class=\"qodef-section-title-holder  qodef-st-standard qodef-st-title-left qodef-st-normal-space \" >\n\t<div class=\"qodef-st-inner\">\n\t\t\t\t\t<h2 class=\"qodef-st-title\" >\n\t\t\t\tRU\u010cNA IZRADA\t\t\t<\/h2>\n\t\t\t\t\t\t\t<h4 class=\"qodef-st-text\" style=\"font-weight: 300\">\n\t\t\t\tBa\u0161 svi proizvodi jo\u0161 se uvijek izra\u0111uju ru\u010dno, a majstorima staklarima pritom<br \/>\npoma\u017ee najsuvremenija tehnologija.\t\t\t<\/h4>\n\t\t\t<\/div>\n<\/div>[vc_empty_space]\t\t<\/div>\n\t<\/div>\n<\/div><\/div>[\/vc_column][vc_column offset=&#8221;vc_col-md-6&#8243; css=&#8221;.vc_custom_1586966726235{background-color: #ffffff !important;}&#8221;]<div class=\"qodef-elements-holder   qodef-one-column  qodef-responsive-mode-768 \" style=\"background-color: #ffffff\"><div class=\"qodef-eh-item about_custom   \" style=\"background-color: #ffffff\" data-item-class=\"qodef-eh-custom-1535\" data-680=\"0px 0% 100px 0%\">\n\t<div class=\"qodef-eh-item-inner\">\n\t\t<div class=\"qodef-eh-item-content qodef-eh-custom-1535\" style=\"padding: 0px 0% 0px 0%\">\n\t\t\t<div class=\"qodef-pi-holder qodef-small-image-bottom-right\" >\n    <div class=\"qodef-pi-holder-inner\" style=\"background-color: #ffffff\">\n\n        <div class=\"qodef-pi qodef-small-pair-item\">\n            <div class=\"qodef-pi-inner\">\n                <div class=\"qodef-pi-image\">\n\t\t\t\t\t                <\/div>\n            <\/div>\n        <\/div>\n\n        <div class=\"qodef-pi qodef-big-pair-item\">\n            <div class=\"qodef-pi-inner\">\n                <div class=\"qodef-pi-image\">\n\t\t\t\t\t<img loading=\"lazy\" decoding=\"async\" width=\"370\" height=\"370\" src=\"https:\/\/steklarna-rogaska.si\/wp-content\/uploads\/2020\/04\/subpage_o-nas_rocna-izdelava.jpg\" class=\"attachment-arredo_qodef_portrait size-arredo_qodef_portrait\" alt=\"\" srcset=\"https:\/\/steklarna-rogaska.si\/wp-content\/uploads\/2020\/04\/subpage_o-nas_rocna-izdelava.jpg 370w, https:\/\/steklarna-rogaska.si\/wp-content\/uploads\/2020\/04\/subpage_o-nas_rocna-izdelava-300x300.jpg 300w, https:\/\/steklarna-rogaska.si\/wp-content\/uploads\/2020\/04\/subpage_o-nas_rocna-izdelava-150x150.jpg 150w, https:\/\/steklarna-rogaska.si\/wp-content\/uploads\/2020\/04\/subpage_o-nas_rocna-izdelava-100x100.jpg 100w\" sizes=\"auto, (max-width: 370px) 100vw, 370px\" \/>                <\/div>\n            <\/div>\n        <\/div>\n\n    <\/div>\n<\/div>\n\t\t<\/div>\n\t<\/div>\n<\/div><\/div>[\/vc_column][\/vc_row][vc_row content_placement=&#8221;middle&#8221; row_content_width=&#8221;grid&#8221; content_text_aligment=&#8221;center&#8221;][vc_column width=&#8221;1\/2&#8243; css=&#8221;.vc_custom_1576833667942{margin-top: -90px !important;}&#8221; offset=&#8221;vc_col-md-6 vc_hidden-xs&#8221;]<div class=\"qodef-elements-holder   qodef-one-column  qodef-responsive-mode-768 \" ><div class=\"qodef-eh-item about_custom   \"  data-item-class=\"qodef-eh-custom-2649\" data-681-768=\"150px 6% 100px 8%\">\n\t<div class=\"qodef-eh-item-inner\">\n\t\t<div class=\"qodef-eh-item-content qodef-eh-custom-2649\" style=\"padding: 0px 0% 0px 0%\">\n\t\t\t<div class=\"qodef-pi-holder qodef-small-image-bottom-right\" >\n    <div class=\"qodef-pi-holder-inner\" style=\"background-color: #ffffff\">\n\n        <div class=\"qodef-pi qodef-small-pair-item\">\n            <div class=\"qodef-pi-inner\">\n                <div class=\"qodef-pi-image\">\n\t\t\t\t\t                <\/div>\n            <\/div>\n        <\/div>\n\n        <div class=\"qodef-pi qodef-big-pair-item\">\n            <div class=\"qodef-pi-inner\">\n                <div class=\"qodef-pi-image\">\n\t\t\t\t\t<img loading=\"lazy\" decoding=\"async\" width=\"370\" height=\"370\" src=\"https:\/\/steklarna-rogaska.si\/wp-content\/uploads\/2020\/04\/subpage_o-nas_narejeno-v-sloveniji.jpg\" class=\"attachment-arredo_qodef_portrait size-arredo_qodef_portrait\" alt=\"\" srcset=\"https:\/\/steklarna-rogaska.si\/wp-content\/uploads\/2020\/04\/subpage_o-nas_narejeno-v-sloveniji.jpg 370w, https:\/\/steklarna-rogaska.si\/wp-content\/uploads\/2020\/04\/subpage_o-nas_narejeno-v-sloveniji-300x300.jpg 300w, https:\/\/steklarna-rogaska.si\/wp-content\/uploads\/2020\/04\/subpage_o-nas_narejeno-v-sloveniji-150x150.jpg 150w, https:\/\/steklarna-rogaska.si\/wp-content\/uploads\/2020\/04\/subpage_o-nas_narejeno-v-sloveniji-100x100.jpg 100w\" sizes=\"auto, (max-width: 370px) 100vw, 370px\" \/>                <\/div>\n            <\/div>\n        <\/div>\n\n    <\/div>\n<\/div>\n\t\t<\/div>\n\t<\/div>\n<\/div><\/div>[\/vc_column][vc_column width=&#8221;1\/2&#8243; css=&#8221;.vc_custom_1529484070521{margin-top: -90px !important;}&#8221; offset=&#8221;vc_col-md-6&#8243;]<div class=\"qodef-elements-holder   qodef-one-column  qodef-responsive-mode-768 \" ><div class=\"qodef-eh-item    \"  data-item-class=\"qodef-eh-custom-3448\" data-1367-1600=\"276px 3% 0px\" data-1025-1366=\"276px 3% 0px\" data-769-1024=\"110px 7% 0px\" data-680=\"91px 5% 80px\">\n\t<div class=\"qodef-eh-item-inner\">\n\t\t<div class=\"qodef-eh-item-content qodef-eh-custom-3448\" style=\"padding: 150px 5% 0px\">\n\t\t\t<div class=\"qodef-section-title-holder  qodef-st-standard qodef-st-title-left qodef-st-normal-space \" >\n\t<div class=\"qodef-st-inner\">\n\t\t\t\t\t<h2 class=\"qodef-st-title\" >\n\t\t\t\tIZRA\u0110ENO U SLOVENIJI\t\t\t<\/h2>\n\t\t\t\t\t\t\t<h4 class=\"qodef-st-text\" style=\"font-weight: 300\">\n\t\t\t\tSve faze proizvodnje provode se na doma\u0107em tlu \u2013 od idejnog koncepta do<br \/>\ncjelokupne izrade vrhunskog kristala.\t\t\t<\/h4>\n\t\t\t<\/div>\n<\/div>[vc_empty_space]\t\t<\/div>\n\t<\/div>\n<\/div><\/div>[\/vc_column][vc_column width=&#8221;1\/2&#8243; css=&#8221;.vc_custom_1576833675726{margin-top: -90px !important;margin-bottom: 90px !important;}&#8221; offset=&#8221;vc_hidden-lg vc_hidden-md vc_hidden-sm&#8221;]<div class=\"qodef-elements-holder   qodef-one-column  qodef-responsive-mode-768 qodef-one-column-alignment-center\" ><div class=\"qodef-eh-item about_custom   \"  data-item-class=\"qodef-eh-custom-7862\" data-681-768=\"150px 6% 100px 8%\">\n\t<div class=\"qodef-eh-item-inner\">\n\t\t<div class=\"qodef-eh-item-content qodef-eh-custom-7862\" style=\"padding: 0px 0% 0px 0%\">\n\t\t\t<div class=\"qodef-pi-holder qodef-small-image-bottom-right\" >\n    <div class=\"qodef-pi-holder-inner\" style=\"background-color: #ffffff\">\n\n        <div class=\"qodef-pi qodef-small-pair-item\">\n            <div class=\"qodef-pi-inner\">\n                <div class=\"qodef-pi-image\">\n\t\t\t\t\t                <\/div>\n            <\/div>\n        <\/div>\n\n        <div class=\"qodef-pi qodef-big-pair-item\">\n            <div class=\"qodef-pi-inner\">\n                <div class=\"qodef-pi-image\">\n\t\t\t\t\t<img loading=\"lazy\" decoding=\"async\" width=\"370\" height=\"370\" src=\"https:\/\/steklarna-rogaska.si\/wp-content\/uploads\/2020\/04\/subpage_o-nas_narejeno-v-sloveniji.jpg\" class=\"attachment-arredo_qodef_portrait size-arredo_qodef_portrait\" alt=\"\" srcset=\"https:\/\/steklarna-rogaska.si\/wp-content\/uploads\/2020\/04\/subpage_o-nas_narejeno-v-sloveniji.jpg 370w, https:\/\/steklarna-rogaska.si\/wp-content\/uploads\/2020\/04\/subpage_o-nas_narejeno-v-sloveniji-300x300.jpg 300w, https:\/\/steklarna-rogaska.si\/wp-content\/uploads\/2020\/04\/subpage_o-nas_narejeno-v-sloveniji-150x150.jpg 150w, https:\/\/steklarna-rogaska.si\/wp-content\/uploads\/2020\/04\/subpage_o-nas_narejeno-v-sloveniji-100x100.jpg 100w\" sizes=\"auto, (max-width: 370px) 100vw, 370px\" \/>                <\/div>\n            <\/div>\n        <\/div>\n\n    <\/div>\n<\/div>\n\t\t<\/div>\n\t<\/div>\n<\/div><\/div>[\/vc_column][\/vc_row][vc_row content_placement=&#8221;middle&#8221; row_content_width=&#8221;grid&#8221; content_text_aligment=&#8221;center&#8221; css=&#8221;.vc_custom_1526476042824{padding-top: 40px !important;}&#8221;][vc_column offset=&#8221;vc_col-md-6&#8243;]<div class=\"qodef-elements-holder   qodef-one-column  qodef-responsive-mode-768 \" ><div class=\"qodef-eh-item    \"  data-item-class=\"qodef-eh-custom-7519\" data-1367-1600=\"128px 5% 0px\" data-1025-1366=\"128px 3% 0px\" data-769-1024=\"128px 7% 0px\"  >\n\t<div class=\"qodef-eh-item-inner\">\n\t\t<div class=\"qodef-eh-item-content qodef-eh-custom-7519\" >\n\t\t\t<div class=\"qodef-section-title-holder  qodef-st-standard qodef-st-title-left qodef-st-normal-space \" >\n\t<div class=\"qodef-st-inner\">\n\t\t\t\t\t<h2 class=\"qodef-st-title\" >\n\t\t\t\tVRHUNSKI DIZAJN\t\t\t<\/h2>\n\t\t\t\t\t\t\t<h4 class=\"qodef-st-text\" style=\"font-weight: 300\">\n\t\t\t\tPri osmi\u0161ljavanju proizvoda sura\u0111ujemo s poznatim dizajnerima te za vas<br \/>\nstvaramo nove i privla\u010dne proizvode.\t\t\t<\/h4>\n\t\t\t<\/div>\n<\/div>[vc_empty_space]\t\t<\/div>\n\t<\/div>\n<\/div><\/div>[\/vc_column][vc_column offset=&#8221;vc_col-md-6&#8243;]<div class=\"qodef-elements-holder   qodef-one-column  qodef-responsive-mode-768 \" ><div class=\"qodef-eh-item about_custom   \" style=\"background-color: #ffffff\" data-item-class=\"qodef-eh-custom-9002\" data-680=\"0px 0% 100px 0%\">\n\t<div class=\"qodef-eh-item-inner\">\n\t\t<div class=\"qodef-eh-item-content qodef-eh-custom-9002\" style=\"padding: 0px 0% 0px 0%\">\n\t\t\t<div class=\"qodef-pi-holder qodef-small-image-bottom-right\" >\n    <div class=\"qodef-pi-holder-inner\" style=\"background-color: #ffffff\">\n\n        <div class=\"qodef-pi qodef-small-pair-item\">\n            <div class=\"qodef-pi-inner\">\n                <div class=\"qodef-pi-image\">\n\t\t\t\t\t                <\/div>\n            <\/div>\n        <\/div>\n\n        <div class=\"qodef-pi qodef-big-pair-item\">\n            <div class=\"qodef-pi-inner\">\n                <div class=\"qodef-pi-image\">\n\t\t\t\t\t<img loading=\"lazy\" decoding=\"async\" width=\"370\" height=\"370\" src=\"https:\/\/steklarna-rogaska.si\/wp-content\/uploads\/2020\/04\/subpage_o-nas_vrhunsko-oblikovanje.jpg\" class=\"attachment-arredo_qodef_portrait size-arredo_qodef_portrait\" alt=\"\" srcset=\"https:\/\/steklarna-rogaska.si\/wp-content\/uploads\/2020\/04\/subpage_o-nas_vrhunsko-oblikovanje.jpg 370w, https:\/\/steklarna-rogaska.si\/wp-content\/uploads\/2020\/04\/subpage_o-nas_vrhunsko-oblikovanje-300x300.jpg 300w, https:\/\/steklarna-rogaska.si\/wp-content\/uploads\/2020\/04\/subpage_o-nas_vrhunsko-oblikovanje-150x150.jpg 150w, https:\/\/steklarna-rogaska.si\/wp-content\/uploads\/2020\/04\/subpage_o-nas_vrhunsko-oblikovanje-100x100.jpg 100w\" sizes=\"auto, (max-width: 370px) 100vw, 370px\" \/>                <\/div>\n            <\/div>\n        <\/div>\n\n    <\/div>\n<\/div>\n\t\t<\/div>\n\t<\/div>\n<\/div><\/div>[\/vc_column][\/vc_row][vc_row][vc_column][vc_empty_space height=&#8221;80px&#8221;][\/vc_column][\/vc_row][vc_row content_placement=&#8221;middle&#8221; content_text_aligment=&#8221;center&#8221; parallax_background_image=&#8221;2969&#8243;][vc_column]<div class=\"qodef-elements-holder   qodef-one-column  qodef-responsive-mode-768 \" ><div class=\"qodef-eh-item    \"  data-item-class=\"qodef-eh-custom-4995\">\n\t<div class=\"qodef-eh-item-inner\">\n\t\t<div class=\"qodef-eh-item-content qodef-eh-custom-4995\" style=\"padding: 234px 0% 260px\">\n\t\t\t<div class=\"qodef-video-button-holder  \">\n\t<div class=\"qodef-video-button-image\">\n\t\t\t<\/div>\n\t\t\t<a class=\"qodef-video-button-play\"  href=\"https:\/\/youtu.be\/ZVe9Wb1lE3A?iframe=true\" data-rel=\"prettyPhoto[video_button_pretty_photo_908]\">\n\t\t\t<span class=\"qodef-video-button-play-inner\">\n\t\t\t\t<span class=\"arrow_triangle-right\"><\/span>\n\t\t\t<\/span>\n\t\t<\/a>\n\t<\/div>\t\t<\/div>\n\t<\/div>\n<\/div><\/div>[\/vc_column][\/vc_row][vc_row content_placement=&#8221;middle&#8221;][vc_column]<div class=\"qodef-elements-holder   qodef-one-column  qodef-responsive-mode-768 \" ><div class=\"qodef-eh-item    \"  data-item-class=\"qodef-eh-custom-7762\" data-1367-1600=\"134px 29% 150px\" data-1025-1366=\"134px 27% 150px\" data-769-1024=\"134px 21% 150px\" data-681-768=\"134px 10% 150px\" data-680=\"134px 11% 150px\">\n\t<div class=\"qodef-eh-item-inner\">\n\t\t<div class=\"qodef-eh-item-content qodef-eh-custom-7762\" style=\"padding: 134px 34% 150px\">\n\t\t\t<div class=\"qodef-section-title-holder  qodef-st-standard qodef-st-title-left qodef-st-normal-space \" style=\"text-align: center\">\n\t<div class=\"qodef-st-inner\">\n\t\t\t\t\t<h2 class=\"qodef-st-title\" >\n\t\t\t\tKRISTAL ZA SVAKU PRILIKU\t\t\t<\/h2>\n\t\t\t\t\t\t\t<h4 class=\"qodef-st-text\" style=\"line-height: 28px;font-weight: 300\">\n\t\t\t\tStaklarna Roga\u0161ka ponosni je sponzor sportskih i kulturnih priredaba. Protokol Republike Slovenije na\u0161 kristal s ponosom daruje svjetskim vo\u0111ama. Pobjednice natjecanja ljepote uz sjaj kristala jo\u0161 vi\u0161e blistaju, a kulinarski entuzijasti cijene ga kao obveznupratnju vrhunskih delicija. Poznaje nas i Holywood, glazbenicise raduju na\u0161im peharima\u2026\t\t\t<\/h4>\n\t\t\t<\/div>\n<\/div>\t\t<\/div>\n\t<\/div>\n<\/div><\/div>[\/vc_column][\/vc_row][vc_row content_placement=&#8221;middle&#8221;][vc_column][\/vc_column][\/vc_row][vc_row row_content_width=&#8221;grid&#8221;][vc_column offset=&#8221;vc_col-lg-4 vc_col-md-4 vc_col-xs-12&#8243;][vc_single_image image=&#8221;5639&#8243; img_size=&#8221;full&#8221; alignment=&#8221;center&#8221;][\/vc_column][vc_column offset=&#8221;vc_col-lg-4 vc_col-md-4 vc_col-xs-12&#8243;][vc_single_image image=&#8221;5641&#8243; img_size=&#8221;full&#8221; alignment=&#8221;center&#8221;][\/vc_column][vc_column offset=&#8221;vc_col-lg-4 vc_col-md-4 vc_col-xs-12&#8243;][vc_single_image image=&#8221;5643&#8243; img_size=&#8221;full&#8221; alignment=&#8221;center&#8221;][\/vc_column][\/vc_row][vc_row][vc_column][vc_empty_space height=&#8221;80px&#8221;][\/vc_column][\/vc_row]<\/p>\n<\/div>","protected":false},"excerpt":{"rendered":"<p>[vc_row content_placement=&#8221;middle&#8221; css=&#8221;.vc_custom_1586967020109{padding-bottom: 0px !important;}&#8221;][vc_column][\/vc_column][\/vc_row][vc_row content_placement=&#8221;middle&#8221; row_content_width=&#8221;grid&#8221; content_text_aligment=&#8221;center&#8221; css=&#8221;.vc_custom_1586969935368{padding-top: 80px !important;background-color: #ffffff !important;}&#8221;][vc_column offset=&#8221;vc_col-md-6&#8243;][vc_custom_heading text=&#8221;TRADICIJA DUGA 350 GODINA&#8221;][vc_column_text] Crpimo iz tradicije podru\u010dja Trebu\u0161e, Pohorja i [&hellip;]<\/p>\n","protected":false},"author":1544,"featured_media":0,"parent":0,"menu_order":0,"comment_status":"closed","ping_status":"closed","template":"full-width.php","meta":{"footnotes":""},"class_list":["post-7117","page","type-page","status-publish","hentry"],"_links":{"self":[{"href":"https:\/\/steklarna-rogaska.si\/hr\/wp-json\/wp\/v2\/pages\/7117","targetHints":{"allow":["GET"]}}],"collection":[{"href":"https:\/\/steklarna-rogaska.si\/hr\/wp-json\/wp\/v2\/pages"}],"about":[{"href":"https:\/\/steklarna-rogaska.si\/hr\/wp-json\/wp\/v2\/types\/page"}],"author":[{"embeddable":true,"href":"https:\/\/steklarna-rogaska.si\/hr\/wp-json\/wp\/v2\/users\/1544"}],"replies":[{"embeddable":true,"href":"https:\/\/steklarna-rogaska.si\/hr\/wp-json\/wp\/v2\/comments?post=7117"}],"version-history":[{"count":3,"href":"https:\/\/steklarna-rogaska.si\/hr\/wp-json\/wp\/v2\/pages\/7117\/revisions"}],"predecessor-version":[{"id":8936,"href":"https:\/\/steklarna-rogaska.si\/hr\/wp-json\/wp\/v2\/pages\/7117\/revisions\/8936"}],"wp:attachment":[{"href":"https:\/\/steklarna-rogaska.si\/hr\/wp-json\/wp\/v2\/media?parent=7117"}],"curies":[{"name":"wp","href":"https:\/\/api.w.org\/{rel}","templated":true}]}}