{"id":9293,"date":"2020-07-07T05:03:09","date_gmt":"2020-07-07T05:03:09","guid":{"rendered":"https:\/\/steklarna-rogaska.si\/?post_type=product&#038;p=9293"},"modified":"2026-04-20T07:31:31","modified_gmt":"2026-04-20T07:31:31","slug":"flame-dof-set-2","status":"publish","type":"product","link":"https:\/\/steklarna-rogaska.si\/en\/product\/flame-dof-set-2\/","title":{"rendered":"DOF KOZAREC ZA VISKI &#8211; FLAME &#8211; set 2 kos"},"content":{"rendered":"<p>vi\u0161ina = 98 mm \u0161irina = 84 mm te\u017ea = 0.5 kg<\/p>\n","protected":false},"excerpt":{"rendered":"<p>vi\u0161ina = 98 mm \u0161irina = 84 mm te\u017ea = 0.5 kg<\/p>\n","protected":false},"featured_media":9263,"comment_status":"open","ping_status":"open","template":"","meta":[],"product_brand":[],"product_cat":[196,905,916,922,920,919,924,928],"product_tag":[177,458,467,455,784,478],"class_list":{"0":"post-9293","1":"product","2":"type-product","3":"status-publish","4":"has-post-thumbnail","6":"product_cat-barski-program","7":"product_cat-kozarci-za-viski","8":"product_cat-darilni-program-2","9":"product_cat-darila-zanj","10":"product_cat-porocna-darila","11":"product_cat-poslovna-darila","12":"product_cat-kozarci-2","13":"product_cat-kozarci-za-viski-2","14":"product_tag-flame","15":"product_tag-za-mesane-pijace","16":"product_tag-za-vodo","17":"product_tag-za-vodo-pivo-sok-mesane-pijace","18":"product_tag-za-whisky","19":"product_tag-za-zgane-pijace","21":"first","22":"instock","23":"shipping-taxable","24":"purchasable","25":"product-type-simple"},"_links":{"self":[{"href":"https:\/\/steklarna-rogaska.si\/en\/wp-json\/wp\/v2\/product\/9293","targetHints":{"allow":["GET"]}}],"collection":[{"href":"https:\/\/steklarna-rogaska.si\/en\/wp-json\/wp\/v2\/product"}],"about":[{"href":"https:\/\/steklarna-rogaska.si\/en\/wp-json\/wp\/v2\/types\/product"}],"replies":[{"embeddable":true,"href":"https:\/\/steklarna-rogaska.si\/en\/wp-json\/wp\/v2\/comments?post=9293"}],"wp:featuredmedia":[{"embeddable":true,"href":"https:\/\/steklarna-rogaska.si\/en\/wp-json\/wp\/v2\/media\/9263"}],"wp:attachment":[{"href":"https:\/\/steklarna-rogaska.si\/en\/wp-json\/wp\/v2\/media?parent=9293"}],"wp:term":[{"taxonomy":"product_brand","embeddable":true,"href":"https:\/\/steklarna-rogaska.si\/en\/wp-json\/wp\/v2\/product_brand?post=9293"},{"taxonomy":"product_cat","embeddable":true,"href":"https:\/\/steklarna-rogaska.si\/en\/wp-json\/wp\/v2\/product_cat?post=9293"},{"taxonomy":"product_tag","embeddable":true,"href":"https:\/\/steklarna-rogaska.si\/en\/wp-json\/wp\/v2\/product_tag?post=9293"}],"curies":[{"name":"wp","href":"https:\/\/api.w.org\/{rel}","templated":true}]}}