{"id":9285,"date":"2020-07-07T05:02:37","date_gmt":"2020-07-07T05:02:37","guid":{"rendered":"https:\/\/steklarna-rogaska.si\/?post_type=product&#038;p=9285"},"modified":"2026-05-12T05:12:48","modified_gmt":"2026-05-12T05:12:48","slug":"expert-kelih-za-pivo-set-2","status":"publish","type":"product","link":"https:\/\/steklarna-rogaska.si\/en\/product\/expert-kelih-za-pivo-set-2\/","title":{"rendered":"KOZAREC ZA PIVO &#8211; EXPERT &#8211; set 2 kos"},"content":{"rendered":"<p>vi\u0161ina = 237 mm \u0161irina = 90 mm te\u017ea = 0.23 kg<\/p>\n","protected":false},"excerpt":{"rendered":"<p>vi\u0161ina = 237 mm \u0161irina = 90 mm te\u017ea = 0.23 kg<\/p>\n","protected":false},"featured_media":9287,"comment_status":"open","ping_status":"closed","template":"","meta":[],"product_brand":[],"product_cat":[916,922,924,934,932],"product_tag":[404,467,455],"class_list":{"0":"post-9285","1":"product","2":"type-product","3":"status-publish","4":"has-post-thumbnail","6":"product_cat-darilni-program-2","7":"product_cat-darila-zanj","8":"product_cat-kozarci-2","9":"product_cat-kozarci-za-pivo","10":"product_cat-kozarci-za-sok","11":"product_tag-expert","12":"product_tag-za-vodo","13":"product_tag-za-vodo-pivo-sok-mesane-pijace","15":"first","16":"instock","17":"shipping-taxable","18":"purchasable","19":"product-type-simple"},"_links":{"self":[{"href":"https:\/\/steklarna-rogaska.si\/en\/wp-json\/wp\/v2\/product\/9285","targetHints":{"allow":["GET"]}}],"collection":[{"href":"https:\/\/steklarna-rogaska.si\/en\/wp-json\/wp\/v2\/product"}],"about":[{"href":"https:\/\/steklarna-rogaska.si\/en\/wp-json\/wp\/v2\/types\/product"}],"replies":[{"embeddable":true,"href":"https:\/\/steklarna-rogaska.si\/en\/wp-json\/wp\/v2\/comments?post=9285"}],"wp:featuredmedia":[{"embeddable":true,"href":"https:\/\/steklarna-rogaska.si\/en\/wp-json\/wp\/v2\/media\/9287"}],"wp:attachment":[{"href":"https:\/\/steklarna-rogaska.si\/en\/wp-json\/wp\/v2\/media?parent=9285"}],"wp:term":[{"taxonomy":"product_brand","embeddable":true,"href":"https:\/\/steklarna-rogaska.si\/en\/wp-json\/wp\/v2\/product_brand?post=9285"},{"taxonomy":"product_cat","embeddable":true,"href":"https:\/\/steklarna-rogaska.si\/en\/wp-json\/wp\/v2\/product_cat?post=9285"},{"taxonomy":"product_tag","embeddable":true,"href":"https:\/\/steklarna-rogaska.si\/en\/wp-json\/wp\/v2\/product_tag?post=9285"}],"curies":[{"name":"wp","href":"https:\/\/api.w.org\/{rel}","templated":true}]}}