{"id":9283,"date":"2020-07-07T05:02:37","date_gmt":"2020-07-07T05:02:37","guid":{"rendered":"https:\/\/steklarna-rogaska.si\/?post_type=product&#038;p=9283"},"modified":"2026-04-14T05:12:58","modified_gmt":"2026-04-14T05:12:58","slug":"expert-kozarec-za-vodko-set-2","status":"publish","type":"product","link":"https:\/\/steklarna-rogaska.si\/en\/product\/expert-kozarec-za-vodko-set-2\/","title":{"rendered":"KOZAREC ZA VODKO &#8211; ROGA\u0160KA EXPERT &#8211; set 2 kos"},"content":{"rendered":"<p>vi\u0161ina = 90 mm \u0161irina = 62 mm te\u017ea = 0.12 kg<\/p>\n","protected":false},"excerpt":{"rendered":"<p>vi\u0161ina = 90 mm \u0161irina = 62 mm te\u017ea = 0.12 kg<\/p>\n","protected":false},"featured_media":9230,"comment_status":"open","ping_status":"open","template":"","meta":[],"product_brand":[],"product_cat":[196,904,916,922,924,927],"product_tag":[404,783,478],"class_list":{"0":"post-9283","1":"product","2":"type-product","3":"status-publish","4":"has-post-thumbnail","6":"product_cat-barski-program","7":"product_cat-kozarci-za-zganje","8":"product_cat-darilni-program-2","9":"product_cat-darila-zanj","10":"product_cat-kozarci-2","11":"product_cat-kozarci-za-zganje-2","12":"product_tag-expert","13":"product_tag-za-vodko","14":"product_tag-za-zgane-pijace","16":"first","17":"instock","18":"shipping-taxable","19":"purchasable","20":"product-type-simple"},"_links":{"self":[{"href":"https:\/\/steklarna-rogaska.si\/en\/wp-json\/wp\/v2\/product\/9283","targetHints":{"allow":["GET"]}}],"collection":[{"href":"https:\/\/steklarna-rogaska.si\/en\/wp-json\/wp\/v2\/product"}],"about":[{"href":"https:\/\/steklarna-rogaska.si\/en\/wp-json\/wp\/v2\/types\/product"}],"replies":[{"embeddable":true,"href":"https:\/\/steklarna-rogaska.si\/en\/wp-json\/wp\/v2\/comments?post=9283"}],"wp:featuredmedia":[{"embeddable":true,"href":"https:\/\/steklarna-rogaska.si\/en\/wp-json\/wp\/v2\/media\/9230"}],"wp:attachment":[{"href":"https:\/\/steklarna-rogaska.si\/en\/wp-json\/wp\/v2\/media?parent=9283"}],"wp:term":[{"taxonomy":"product_brand","embeddable":true,"href":"https:\/\/steklarna-rogaska.si\/en\/wp-json\/wp\/v2\/product_brand?post=9283"},{"taxonomy":"product_cat","embeddable":true,"href":"https:\/\/steklarna-rogaska.si\/en\/wp-json\/wp\/v2\/product_cat?post=9283"},{"taxonomy":"product_tag","embeddable":true,"href":"https:\/\/steklarna-rogaska.si\/en\/wp-json\/wp\/v2\/product_tag?post=9283"}],"curies":[{"name":"wp","href":"https:\/\/api.w.org\/{rel}","templated":true}]}}