{"id":7515,"date":"2020-05-18T07:30:21","date_gmt":"2020-05-18T07:30:21","guid":{"rendered":"https:\/\/steklarna-rogaska.si\/?post_type=product&#038;p=7515"},"modified":"2026-04-14T05:13:08","modified_gmt":"2026-04-14T05:13:08","slug":"sophia-kozarec-za-penino-set-2","status":"publish","type":"product","link":"https:\/\/steklarna-rogaska.si\/en\/product\/sophia-kozarec-za-penino-set-2\/","title":{"rendered":"KOZAREC ZA PENINO &#8211; SOFIA &#8211; set 2 kos"},"content":{"rendered":"<p>vi\u0161ina = 283 mm<br \/>\n\u0161irina = 58 mm<br \/>\nte\u017ea = 0,2 kg<\/p>\n","protected":false},"excerpt":{"rendered":"<p>vi\u0161ina = 283 mm \u0161irina = 58 mm te\u017ea = 0,2 kg<\/p>\n","protected":false},"featured_media":7467,"comment_status":"open","ping_status":"closed","template":"","meta":[],"product_brand":[],"product_cat":[916,920,919,996,926,284,911],"product_tag":[977,968,969,978,985,439,531,468],"class_list":{"0":"post-7515","1":"product","2":"type-product","3":"status-publish","4":"has-post-thumbnail","6":"product_cat-darilni-program-2","7":"product_cat-porocna-darila","8":"product_cat-poslovna-darila","9":"product_cat-praznicna-ponudba","10":"product_cat-kozarci-za-penino-2","11":"product_cat-vinski-program-default-group","12":"product_cat-kozarci-za-penino","13":"product_tag-kelih-rogaska","14":"product_tag-kelih-za-penino","15":"product_tag-kozarec-za-penino","16":"product_tag-peninski-kelih","17":"product_tag-peninski-kozarec","18":"product_tag-poroka","19":"product_tag-sophia","20":"product_tag-za-penino","22":"first","23":"instock","24":"shipping-taxable","25":"purchasable","26":"product-type-simple"},"_links":{"self":[{"href":"https:\/\/steklarna-rogaska.si\/en\/wp-json\/wp\/v2\/product\/7515","targetHints":{"allow":["GET"]}}],"collection":[{"href":"https:\/\/steklarna-rogaska.si\/en\/wp-json\/wp\/v2\/product"}],"about":[{"href":"https:\/\/steklarna-rogaska.si\/en\/wp-json\/wp\/v2\/types\/product"}],"replies":[{"embeddable":true,"href":"https:\/\/steklarna-rogaska.si\/en\/wp-json\/wp\/v2\/comments?post=7515"}],"wp:featuredmedia":[{"embeddable":true,"href":"https:\/\/steklarna-rogaska.si\/en\/wp-json\/wp\/v2\/media\/7467"}],"wp:attachment":[{"href":"https:\/\/steklarna-rogaska.si\/en\/wp-json\/wp\/v2\/media?parent=7515"}],"wp:term":[{"taxonomy":"product_brand","embeddable":true,"href":"https:\/\/steklarna-rogaska.si\/en\/wp-json\/wp\/v2\/product_brand?post=7515"},{"taxonomy":"product_cat","embeddable":true,"href":"https:\/\/steklarna-rogaska.si\/en\/wp-json\/wp\/v2\/product_cat?post=7515"},{"taxonomy":"product_tag","embeddable":true,"href":"https:\/\/steklarna-rogaska.si\/en\/wp-json\/wp\/v2\/product_tag?post=7515"}],"curies":[{"name":"wp","href":"https:\/\/api.w.org\/{rel}","templated":true}]}}