{"id":7512,"date":"2020-05-18T07:30:20","date_gmt":"2020-05-18T07:30:20","guid":{"rendered":"https:\/\/steklarna-rogaska.si\/?post_type=product&#038;p=7512"},"modified":"2026-04-14T05:13:44","modified_gmt":"2026-04-14T05:13:44","slug":"fresh-kozarec-za-vodo-set-2","status":"publish","type":"product","link":"https:\/\/steklarna-rogaska.si\/en\/product\/fresh-kozarec-za-vodo-set-2\/","title":{"rendered":"DOF KOZAREC ZA VISKI &#8211; FRESH &#8211; set 2 kos"},"content":{"rendered":"<p>vi\u0161ina = 100 mm<br \/>\n\u0161irina = 93 mm<br \/>\nte\u017ea = 0,3 kg<\/p>\n","protected":false},"excerpt":{"rendered":"<p>Serija je priljubljena zaradi svoje preprostosti in igrivosti opti\u010dnega vzorca. Ker se zelo lepo kombinira tako s sve\u010danimi kot vsakodnevnimi pogrinjki, je odlo\u010ditev zelo lahka.<\/p>\n","protected":false},"featured_media":7459,"comment_status":"open","ping_status":"open","template":"","meta":[],"product_brand":[],"product_cat":[196,907,916,923,919,996,924,933,284,446],"product_tag":[410,467],"class_list":{"0":"post-7512","1":"product","2":"type-product","3":"status-publish","4":"has-post-thumbnail","6":"product_cat-barski-program","7":"product_cat-kozarci-za-gin","8":"product_cat-darilni-program-2","9":"product_cat-drobne-pozornosti","10":"product_cat-poslovna-darila","11":"product_cat-praznicna-ponudba","12":"product_cat-kozarci-2","13":"product_cat-kozarci-za-vodo-2","14":"product_cat-vinski-program-default-group","15":"product_cat-kozarci-za-vodo","16":"product_tag-fresh","17":"product_tag-za-vodo","19":"first","20":"instock","21":"shipping-taxable","22":"purchasable","23":"product-type-simple"},"_links":{"self":[{"href":"https:\/\/steklarna-rogaska.si\/en\/wp-json\/wp\/v2\/product\/7512","targetHints":{"allow":["GET"]}}],"collection":[{"href":"https:\/\/steklarna-rogaska.si\/en\/wp-json\/wp\/v2\/product"}],"about":[{"href":"https:\/\/steklarna-rogaska.si\/en\/wp-json\/wp\/v2\/types\/product"}],"replies":[{"embeddable":true,"href":"https:\/\/steklarna-rogaska.si\/en\/wp-json\/wp\/v2\/comments?post=7512"}],"wp:featuredmedia":[{"embeddable":true,"href":"https:\/\/steklarna-rogaska.si\/en\/wp-json\/wp\/v2\/media\/7459"}],"wp:attachment":[{"href":"https:\/\/steklarna-rogaska.si\/en\/wp-json\/wp\/v2\/media?parent=7512"}],"wp:term":[{"taxonomy":"product_brand","embeddable":true,"href":"https:\/\/steklarna-rogaska.si\/en\/wp-json\/wp\/v2\/product_brand?post=7512"},{"taxonomy":"product_cat","embeddable":true,"href":"https:\/\/steklarna-rogaska.si\/en\/wp-json\/wp\/v2\/product_cat?post=7512"},{"taxonomy":"product_tag","embeddable":true,"href":"https:\/\/steklarna-rogaska.si\/en\/wp-json\/wp\/v2\/product_tag?post=7512"}],"curies":[{"name":"wp","href":"https:\/\/api.w.org\/{rel}","templated":true}]}}