{"id":7505,"date":"2020-05-18T07:28:54","date_gmt":"2020-05-18T07:28:54","guid":{"rendered":"https:\/\/steklarna-rogaska.si\/?post_type=product&#038;p=7505"},"modified":"2026-04-14T05:23:39","modified_gmt":"2026-04-14T05:23:39","slug":"fresh-skleda-12-cm","status":"publish","type":"product","link":"https:\/\/steklarna-rogaska.si\/en\/product\/fresh-skleda-12-cm\/","title":{"rendered":"SKLEDA 12 CM &#8211; FRESH &#8211; kos"},"content":{"rendered":"<p>vi\u0161ina = 91 mm<br \/>\n\u0161irina = 120 mm<br \/>\nte\u017ea = 0,2 kg<\/p>\n","protected":false},"excerpt":{"rendered":"<p>Serija je priljubljena zaradi svoje preprostosti in igrivosti opti\u010dnega vzorca. Ker se zelo lepo kombinira tako s sve\u010danimi kot vsakodnevnimi pogrinjki, je odlo\u010ditev zelo lahka.<\/p>\n","protected":false},"featured_media":7453,"comment_status":"open","ping_status":"open","template":"","meta":[],"product_brand":[],"product_cat":[916,923,919,996,946,948,956,959],"product_tag":[410,497],"class_list":{"0":"post-7505","1":"product","2":"type-product","3":"status-publish","4":"has-post-thumbnail","6":"product_cat-darilni-program-2","7":"product_cat-drobne-pozornosti","8":"product_cat-poslovna-darila","9":"product_cat-praznicna-ponudba","10":"product_cat-sklede-2","11":"product_cat-skleda-za-prigrizke","12":"product_cat-skodelice-za-caj-kavo-sladoled","13":"product_cat-skodelica-za-sladoled","14":"product_tag-fresh","15":"product_tag-za-sadje","17":"first","18":"instock","19":"shipping-taxable","20":"purchasable","21":"product-type-simple"},"_links":{"self":[{"href":"https:\/\/steklarna-rogaska.si\/en\/wp-json\/wp\/v2\/product\/7505","targetHints":{"allow":["GET"]}}],"collection":[{"href":"https:\/\/steklarna-rogaska.si\/en\/wp-json\/wp\/v2\/product"}],"about":[{"href":"https:\/\/steklarna-rogaska.si\/en\/wp-json\/wp\/v2\/types\/product"}],"replies":[{"embeddable":true,"href":"https:\/\/steklarna-rogaska.si\/en\/wp-json\/wp\/v2\/comments?post=7505"}],"wp:featuredmedia":[{"embeddable":true,"href":"https:\/\/steklarna-rogaska.si\/en\/wp-json\/wp\/v2\/media\/7453"}],"wp:attachment":[{"href":"https:\/\/steklarna-rogaska.si\/en\/wp-json\/wp\/v2\/media?parent=7505"}],"wp:term":[{"taxonomy":"product_brand","embeddable":true,"href":"https:\/\/steklarna-rogaska.si\/en\/wp-json\/wp\/v2\/product_brand?post=7505"},{"taxonomy":"product_cat","embeddable":true,"href":"https:\/\/steklarna-rogaska.si\/en\/wp-json\/wp\/v2\/product_cat?post=7505"},{"taxonomy":"product_tag","embeddable":true,"href":"https:\/\/steklarna-rogaska.si\/en\/wp-json\/wp\/v2\/product_tag?post=7505"}],"curies":[{"name":"wp","href":"https:\/\/api.w.org\/{rel}","templated":true}]}}