{"id":7452,"date":"2020-05-18T07:27:51","date_gmt":"2020-05-18T07:27:51","guid":{"rendered":"https:\/\/steklarna-rogaska.si\/?post_type=product&#038;p=7452"},"modified":"2026-04-14T05:02:32","modified_gmt":"2026-04-14T05:02:32","slug":"remembrance-kozarec-za-penino-platinum-set-2","status":"publish","type":"product","link":"https:\/\/steklarna-rogaska.si\/en\/product\/remembrance-kozarec-za-penino-platinum-set-2\/","title":{"rendered":"KOZAREC ZA PENINO S PLATINA ROBOM &#8211; REMEMBRANCE &#8211; set 2 kos"},"content":{"rendered":"<p>vi\u0161ina = 280 mm<br \/>\n\u0161irina = 50 mm<br \/>\nte\u017ea = 0,08 kg<\/p>\n","protected":false},"excerpt":{"rendered":"<p>vi\u0161ina = 280 mm \u0161irina = 50 mm te\u017ea = 0,08 kg<\/p>\n","protected":false},"featured_media":7465,"comment_status":"open","ping_status":"closed","template":"","meta":[],"product_brand":[],"product_cat":[922,921,920,924,926,284,911],"product_tag":[441,439,530],"class_list":{"0":"post-7452","1":"product","2":"type-product","3":"status-publish","4":"has-post-thumbnail","6":"product_cat-darila-zanj","7":"product_cat-darila-zanjo","8":"product_cat-porocna-darila","9":"product_cat-kozarci-2","10":"product_cat-kozarci-za-penino-2","11":"product_cat-vinski-program-default-group","12":"product_cat-kozarci-za-penino","13":"product_tag-porocna-darila","14":"product_tag-poroka","15":"product_tag-remembrance","17":"first","18":"instock","19":"shipping-taxable","20":"purchasable","21":"product-type-simple"},"_links":{"self":[{"href":"https:\/\/steklarna-rogaska.si\/en\/wp-json\/wp\/v2\/product\/7452","targetHints":{"allow":["GET"]}}],"collection":[{"href":"https:\/\/steklarna-rogaska.si\/en\/wp-json\/wp\/v2\/product"}],"about":[{"href":"https:\/\/steklarna-rogaska.si\/en\/wp-json\/wp\/v2\/types\/product"}],"replies":[{"embeddable":true,"href":"https:\/\/steklarna-rogaska.si\/en\/wp-json\/wp\/v2\/comments?post=7452"}],"wp:featuredmedia":[{"embeddable":true,"href":"https:\/\/steklarna-rogaska.si\/en\/wp-json\/wp\/v2\/media\/7465"}],"wp:attachment":[{"href":"https:\/\/steklarna-rogaska.si\/en\/wp-json\/wp\/v2\/media?parent=7452"}],"wp:term":[{"taxonomy":"product_brand","embeddable":true,"href":"https:\/\/steklarna-rogaska.si\/en\/wp-json\/wp\/v2\/product_brand?post=7452"},{"taxonomy":"product_cat","embeddable":true,"href":"https:\/\/steklarna-rogaska.si\/en\/wp-json\/wp\/v2\/product_cat?post=7452"},{"taxonomy":"product_tag","embeddable":true,"href":"https:\/\/steklarna-rogaska.si\/en\/wp-json\/wp\/v2\/product_tag?post=7452"}],"curies":[{"name":"wp","href":"https:\/\/api.w.org\/{rel}","templated":true}]}}