{"id":7442,"date":"2020-05-18T07:27:52","date_gmt":"2020-05-18T07:27:52","guid":{"rendered":"https:\/\/steklarna-rogaska.si\/?post_type=product&#038;p=7442"},"modified":"2026-04-20T06:41:21","modified_gmt":"2026-04-20T06:41:21","slug":"90-degrees-steklenica","status":"publish","type":"product","link":"https:\/\/steklarna-rogaska.si\/en\/product\/90-degrees-steklenica\/","title":{"rendered":"STEKLENICA ZA \u017dGANJE &#8211; 90 DEGREES &#8211; kos"},"content":{"rendered":"<p>vi\u0161ina = 398 mm<br \/>\n\u0161irina = 121 mm<br \/>\nte\u017ea = 2,1 kg<\/p>\n","protected":false},"excerpt":{"rendered":"<p>Z ekskluzivno serijo 90 Degrees smo se v Steklarni Roga\u0161ka \u017eeleli malce pohvaliti \u2013 zahtevna ro\u010dna izdelava izkazuje na\u0161e odli\u010dno tehni\u010dno znanje, vrhunsko oblikovanje pa presega obi\u010dajne okvire.<\/p>\n","protected":false},"featured_media":4774,"comment_status":"open","ping_status":"open","template":"","meta":[],"product_brand":[],"product_cat":[196,908,935,936],"product_tag":[327,528,485,478],"class_list":{"0":"post-7442","1":"product","2":"type-product","3":"status-publish","4":"has-post-thumbnail","6":"product_cat-barski-program","7":"product_cat-steklenice-za-zganje","8":"product_cat-steklenice-dekanterji-vrci-posode","9":"product_cat-steklenica-za-zganje","10":"product_tag-90-degrees","11":"product_tag-darilo-zanj","12":"product_tag-poslovna-darila","13":"product_tag-za-zgane-pijace","15":"first","16":"outofstock","17":"shipping-taxable","18":"purchasable","19":"product-type-simple"},"_links":{"self":[{"href":"https:\/\/steklarna-rogaska.si\/en\/wp-json\/wp\/v2\/product\/7442","targetHints":{"allow":["GET"]}}],"collection":[{"href":"https:\/\/steklarna-rogaska.si\/en\/wp-json\/wp\/v2\/product"}],"about":[{"href":"https:\/\/steklarna-rogaska.si\/en\/wp-json\/wp\/v2\/types\/product"}],"replies":[{"embeddable":true,"href":"https:\/\/steklarna-rogaska.si\/en\/wp-json\/wp\/v2\/comments?post=7442"}],"wp:featuredmedia":[{"embeddable":true,"href":"https:\/\/steklarna-rogaska.si\/en\/wp-json\/wp\/v2\/media\/4774"}],"wp:attachment":[{"href":"https:\/\/steklarna-rogaska.si\/en\/wp-json\/wp\/v2\/media?parent=7442"}],"wp:term":[{"taxonomy":"product_brand","embeddable":true,"href":"https:\/\/steklarna-rogaska.si\/en\/wp-json\/wp\/v2\/product_brand?post=7442"},{"taxonomy":"product_cat","embeddable":true,"href":"https:\/\/steklarna-rogaska.si\/en\/wp-json\/wp\/v2\/product_cat?post=7442"},{"taxonomy":"product_tag","embeddable":true,"href":"https:\/\/steklarna-rogaska.si\/en\/wp-json\/wp\/v2\/product_tag?post=7442"}],"curies":[{"name":"wp","href":"https:\/\/api.w.org\/{rel}","templated":true}]}}