{"id":7364,"date":"2020-05-13T07:51:21","date_gmt":"2020-05-13T07:51:21","guid":{"rendered":"https:\/\/steklarna-rogaska.si\/?post_type=product&#038;p=7364"},"modified":"2026-04-21T05:13:04","modified_gmt":"2026-04-21T05:13:04","slug":"stone-kozarec-za-penino-set-2","status":"publish","type":"product","link":"https:\/\/steklarna-rogaska.si\/en\/product\/stone-kozarec-za-penino-set-2\/","title":{"rendered":"KOZAREC ZA PENINO &#8211; STONE &#8211; set 2 kos"},"content":{"rendered":"<p>vi\u0161ina = 265 mm<br \/>\n\u0161irina = 72 mm<br \/>\nvol.-320 ml<br \/>\nte\u017ea = 0,1 kg<\/p>\n","protected":false},"excerpt":{"rendered":"<p>Privo\u0161\u010dite si kolekcijo Stone &#8211; elegantno oblikovane \u010da\u0161e bodo kos vsaki prilo\u017enosti. Idealna je za nadobudne poznavalce vin in vse ljubitelje inovativnega oblikovanja!<\/p>\n<p>Kelihi so narejeni iz stekla najvi\u0161je kakovosti, ki se odseva v izjemni prosojnosti, ne\u017enem zvoku in lahkotnosti.<\/p>\n","protected":false},"featured_media":7309,"comment_status":"open","ping_status":"open","template":"","meta":[],"product_brand":[],"product_cat":[920,924,926,284,911],"product_tag":[968,969,978,985,523,468],"class_list":{"0":"post-7364","1":"product","2":"type-product","3":"status-publish","4":"has-post-thumbnail","6":"product_cat-porocna-darila","7":"product_cat-kozarci-2","8":"product_cat-kozarci-za-penino-2","9":"product_cat-vinski-program-default-group","10":"product_cat-kozarci-za-penino","11":"product_tag-kelih-za-penino","12":"product_tag-kozarec-za-penino","13":"product_tag-peninski-kelih","14":"product_tag-peninski-kozarec","15":"product_tag-stone","16":"product_tag-za-penino","18":"first","19":"outofstock","20":"shipping-taxable","21":"purchasable","22":"product-type-simple"},"_links":{"self":[{"href":"https:\/\/steklarna-rogaska.si\/en\/wp-json\/wp\/v2\/product\/7364","targetHints":{"allow":["GET"]}}],"collection":[{"href":"https:\/\/steklarna-rogaska.si\/en\/wp-json\/wp\/v2\/product"}],"about":[{"href":"https:\/\/steklarna-rogaska.si\/en\/wp-json\/wp\/v2\/types\/product"}],"replies":[{"embeddable":true,"href":"https:\/\/steklarna-rogaska.si\/en\/wp-json\/wp\/v2\/comments?post=7364"}],"wp:featuredmedia":[{"embeddable":true,"href":"https:\/\/steklarna-rogaska.si\/en\/wp-json\/wp\/v2\/media\/7309"}],"wp:attachment":[{"href":"https:\/\/steklarna-rogaska.si\/en\/wp-json\/wp\/v2\/media?parent=7364"}],"wp:term":[{"taxonomy":"product_brand","embeddable":true,"href":"https:\/\/steklarna-rogaska.si\/en\/wp-json\/wp\/v2\/product_brand?post=7364"},{"taxonomy":"product_cat","embeddable":true,"href":"https:\/\/steklarna-rogaska.si\/en\/wp-json\/wp\/v2\/product_cat?post=7364"},{"taxonomy":"product_tag","embeddable":true,"href":"https:\/\/steklarna-rogaska.si\/en\/wp-json\/wp\/v2\/product_tag?post=7364"}],"curies":[{"name":"wp","href":"https:\/\/api.w.org\/{rel}","templated":true}]}}