{"id":6793,"date":"2020-05-08T08:16:23","date_gmt":"2020-05-08T08:16:23","guid":{"rendered":"https:\/\/steklarna-rogaska.si\/?post_type=product&#038;p=6793"},"modified":"2026-04-14T05:24:02","modified_gmt":"2026-04-14T05:24:02","slug":"omega-kozarec-za-liker-set-2","status":"publish","type":"product","link":"https:\/\/steklarna-rogaska.si\/en\/product\/omega-kozarec-za-liker-set-2\/","title":{"rendered":"KOZAREC ZA LIKER &#8211; OMEGA &#8211; set 2 kos"},"content":{"rendered":"<p>vi\u0161ina = 188 mm<br \/>\n\u0161irina = 65 mm<br \/>\nte\u017ea = 0,2 kg<\/p>\n","protected":false},"excerpt":{"rendered":"<p>vi\u0161ina = 188 mm \u0161irina = 65 mm te\u017ea = 0,2 kg<\/p>\n","protected":false},"featured_media":6683,"comment_status":"open","ping_status":"open","template":"","meta":[],"product_brand":[],"product_cat":[196,904,924,927],"product_tag":[989,988,987,431,465],"class_list":{"0":"post-6793","1":"product","2":"type-product","3":"status-publish","4":"has-post-thumbnail","6":"product_cat-barski-program","7":"product_cat-kozarci-za-zganje","8":"product_cat-kozarci-2","9":"product_cat-kozarci-za-zganje-2","10":"product_tag-aperitiv-kozarec","11":"product_tag-kelih-za-liker","12":"product_tag-kozarec-za-liker","13":"product_tag-omega","14":"product_tag-za-liker","16":"first","17":"instock","18":"shipping-taxable","19":"purchasable","20":"product-type-simple"},"_links":{"self":[{"href":"https:\/\/steklarna-rogaska.si\/en\/wp-json\/wp\/v2\/product\/6793","targetHints":{"allow":["GET"]}}],"collection":[{"href":"https:\/\/steklarna-rogaska.si\/en\/wp-json\/wp\/v2\/product"}],"about":[{"href":"https:\/\/steklarna-rogaska.si\/en\/wp-json\/wp\/v2\/types\/product"}],"replies":[{"embeddable":true,"href":"https:\/\/steklarna-rogaska.si\/en\/wp-json\/wp\/v2\/comments?post=6793"}],"wp:featuredmedia":[{"embeddable":true,"href":"https:\/\/steklarna-rogaska.si\/en\/wp-json\/wp\/v2\/media\/6683"}],"wp:attachment":[{"href":"https:\/\/steklarna-rogaska.si\/en\/wp-json\/wp\/v2\/media?parent=6793"}],"wp:term":[{"taxonomy":"product_brand","embeddable":true,"href":"https:\/\/steklarna-rogaska.si\/en\/wp-json\/wp\/v2\/product_brand?post=6793"},{"taxonomy":"product_cat","embeddable":true,"href":"https:\/\/steklarna-rogaska.si\/en\/wp-json\/wp\/v2\/product_cat?post=6793"},{"taxonomy":"product_tag","embeddable":true,"href":"https:\/\/steklarna-rogaska.si\/en\/wp-json\/wp\/v2\/product_tag?post=6793"}],"curies":[{"name":"wp","href":"https:\/\/api.w.org\/{rel}","templated":true}]}}