{"id":6787,"date":"2020-05-08T08:16:23","date_gmt":"2020-05-08T08:16:23","guid":{"rendered":"https:\/\/steklarna-rogaska.si\/?post_type=product&#038;p=6787"},"modified":"2026-04-14T05:24:01","modified_gmt":"2026-04-14T05:24:01","slug":"omega-kozarec-za-rdece-vino-set-2","status":"publish","type":"product","link":"https:\/\/steklarna-rogaska.si\/en\/product\/omega-kozarec-za-rdece-vino-set-2\/","title":{"rendered":"KOZAREC ZA RDE\u010cE VINO &#8211; OMEGA &#8211; set 2 kos"},"content":{"rendered":"<p>vi\u0161ina = 231 mm<br \/>\n\u0161irina = 94 mm<br \/>\nte\u017ea = 0,3 kg<\/p>\n","protected":false},"excerpt":{"rendered":"<p>vi\u0161ina = 231 mm \u0161irina = 94 mm te\u017ea = 0,3 kg<\/p>\n","protected":false},"featured_media":6671,"comment_status":"open","ping_status":"open","template":"","meta":[],"product_brand":[],"product_cat":[921,920,924,925,284,910],"product_tag":[972,973,431,971,976,454],"class_list":{"0":"post-6787","1":"product","2":"type-product","3":"status-publish","4":"has-post-thumbnail","6":"product_cat-darila-zanjo","7":"product_cat-porocna-darila","8":"product_cat-kozarci-2","9":"product_cat-kozarci-za-vino-2","10":"product_cat-vinski-program-default-group","11":"product_cat-kozarci-za-vino","12":"product_tag-kelih-za-vino","13":"product_tag-kozarec-za-vino","14":"product_tag-omega","15":"product_tag-vinski-kelih","16":"product_tag-vinski-kozarec","17":"product_tag-za-rdece-vino","19":"first","20":"instock","21":"shipping-taxable","22":"purchasable","23":"product-type-simple"},"_links":{"self":[{"href":"https:\/\/steklarna-rogaska.si\/en\/wp-json\/wp\/v2\/product\/6787","targetHints":{"allow":["GET"]}}],"collection":[{"href":"https:\/\/steklarna-rogaska.si\/en\/wp-json\/wp\/v2\/product"}],"about":[{"href":"https:\/\/steklarna-rogaska.si\/en\/wp-json\/wp\/v2\/types\/product"}],"replies":[{"embeddable":true,"href":"https:\/\/steklarna-rogaska.si\/en\/wp-json\/wp\/v2\/comments?post=6787"}],"wp:featuredmedia":[{"embeddable":true,"href":"https:\/\/steklarna-rogaska.si\/en\/wp-json\/wp\/v2\/media\/6671"}],"wp:attachment":[{"href":"https:\/\/steklarna-rogaska.si\/en\/wp-json\/wp\/v2\/media?parent=6787"}],"wp:term":[{"taxonomy":"product_brand","embeddable":true,"href":"https:\/\/steklarna-rogaska.si\/en\/wp-json\/wp\/v2\/product_brand?post=6787"},{"taxonomy":"product_cat","embeddable":true,"href":"https:\/\/steklarna-rogaska.si\/en\/wp-json\/wp\/v2\/product_cat?post=6787"},{"taxonomy":"product_tag","embeddable":true,"href":"https:\/\/steklarna-rogaska.si\/en\/wp-json\/wp\/v2\/product_tag?post=6787"}],"curies":[{"name":"wp","href":"https:\/\/api.w.org\/{rel}","templated":true}]}}