{"id":6785,"date":"2020-05-08T08:16:22","date_gmt":"2020-05-08T08:16:22","guid":{"rendered":"https:\/\/steklarna-rogaska.si\/?post_type=product&#038;p=6785"},"modified":"2026-04-21T05:23:40","modified_gmt":"2026-04-21T05:23:40","slug":"omega-vrc-2","status":"publish","type":"product","link":"https:\/\/steklarna-rogaska.si\/en\/product\/omega-vrc-2\/","title":{"rendered":"VR\u010c &#8211; OMEGA &#8211; kos"},"content":{"rendered":"<p>vi\u0161ina = 292 mm<br \/>\n\u0161irina = 173 mm<br \/>\nte\u017ea = 2,2 kg<\/p>\n","protected":false},"excerpt":{"rendered":"<p>vi\u0161ina = 292 mm \u0161irina = 173 mm te\u017ea = 2,2 kg<\/p>\n","protected":false},"featured_media":6695,"comment_status":"open","ping_status":"open","template":"","meta":[],"product_brand":[],"product_cat":[935,940,284,912],"product_tag":[431,464],"class_list":{"0":"post-6785","1":"product","2":"type-product","3":"status-publish","4":"has-post-thumbnail","6":"product_cat-steklenice-dekanterji-vrci-posode","7":"product_cat-vrc","8":"product_cat-vinski-program-default-group","9":"product_cat-steklenice-za-vino","10":"product_tag-omega","11":"product_tag-za-dekantiranje","13":"first","14":"outofstock","15":"shipping-taxable","16":"purchasable","17":"product-type-simple"},"_links":{"self":[{"href":"https:\/\/steklarna-rogaska.si\/en\/wp-json\/wp\/v2\/product\/6785","targetHints":{"allow":["GET"]}}],"collection":[{"href":"https:\/\/steklarna-rogaska.si\/en\/wp-json\/wp\/v2\/product"}],"about":[{"href":"https:\/\/steklarna-rogaska.si\/en\/wp-json\/wp\/v2\/types\/product"}],"replies":[{"embeddable":true,"href":"https:\/\/steklarna-rogaska.si\/en\/wp-json\/wp\/v2\/comments?post=6785"}],"wp:featuredmedia":[{"embeddable":true,"href":"https:\/\/steklarna-rogaska.si\/en\/wp-json\/wp\/v2\/media\/6695"}],"wp:attachment":[{"href":"https:\/\/steklarna-rogaska.si\/en\/wp-json\/wp\/v2\/media?parent=6785"}],"wp:term":[{"taxonomy":"product_brand","embeddable":true,"href":"https:\/\/steklarna-rogaska.si\/en\/wp-json\/wp\/v2\/product_brand?post=6785"},{"taxonomy":"product_cat","embeddable":true,"href":"https:\/\/steklarna-rogaska.si\/en\/wp-json\/wp\/v2\/product_cat?post=6785"},{"taxonomy":"product_tag","embeddable":true,"href":"https:\/\/steklarna-rogaska.si\/en\/wp-json\/wp\/v2\/product_tag?post=6785"}],"curies":[{"name":"wp","href":"https:\/\/api.w.org\/{rel}","templated":true}]}}