{"id":6745,"date":"2020-05-06T10:41:04","date_gmt":"2020-05-06T10:41:04","guid":{"rendered":"https:\/\/steklarna-rogaska.si\/?post_type=product&#038;p=6745"},"modified":"2026-05-05T05:23:56","modified_gmt":"2026-05-05T05:23:56","slug":"neptun-vaza-45-cm-2-2","status":"publish","type":"product","link":"https:\/\/steklarna-rogaska.si\/en\/product\/neptun-vaza-45-cm-2-2\/","title":{"rendered":"VAZA 45 CM NA PODSTAVKU &#8211; NEPTUN ABC &#8211; kos"},"content":{"rendered":"<p>vi\u0161ina = 451 mm<br \/>\n\u0161irina = 210 mm<br \/>\nte\u017ea = 6,3 kg<\/p>\n","protected":false},"excerpt":{"rendered":"<p>vi\u0161ina = 451 mm \u0161irina = 210 mm te\u017ea = 6,3 kg<\/p>\n","protected":false},"featured_media":6665,"comment_status":"open","ping_status":"open","template":"","meta":[],"product_brand":[],"product_cat":[950],"product_tag":[513,441,439,466],"class_list":{"0":"post-6745","1":"product","2":"type-product","3":"status-publish","4":"has-post-thumbnail","6":"product_cat-vaza","7":"product_tag-neptun","8":"product_tag-porocna-darila","9":"product_tag-poroka","10":"product_tag-poseben-dizajn","12":"first","13":"instock","14":"shipping-taxable","15":"purchasable","16":"product-type-simple"},"_links":{"self":[{"href":"https:\/\/steklarna-rogaska.si\/en\/wp-json\/wp\/v2\/product\/6745","targetHints":{"allow":["GET"]}}],"collection":[{"href":"https:\/\/steklarna-rogaska.si\/en\/wp-json\/wp\/v2\/product"}],"about":[{"href":"https:\/\/steklarna-rogaska.si\/en\/wp-json\/wp\/v2\/types\/product"}],"replies":[{"embeddable":true,"href":"https:\/\/steklarna-rogaska.si\/en\/wp-json\/wp\/v2\/comments?post=6745"}],"wp:featuredmedia":[{"embeddable":true,"href":"https:\/\/steklarna-rogaska.si\/en\/wp-json\/wp\/v2\/media\/6665"}],"wp:attachment":[{"href":"https:\/\/steklarna-rogaska.si\/en\/wp-json\/wp\/v2\/media?parent=6745"}],"wp:term":[{"taxonomy":"product_brand","embeddable":true,"href":"https:\/\/steklarna-rogaska.si\/en\/wp-json\/wp\/v2\/product_brand?post=6745"},{"taxonomy":"product_cat","embeddable":true,"href":"https:\/\/steklarna-rogaska.si\/en\/wp-json\/wp\/v2\/product_cat?post=6745"},{"taxonomy":"product_tag","embeddable":true,"href":"https:\/\/steklarna-rogaska.si\/en\/wp-json\/wp\/v2\/product_tag?post=6745"}],"curies":[{"name":"wp","href":"https:\/\/api.w.org\/{rel}","templated":true}]}}