{"id":6342,"date":"2025-06-17T08:24:35","date_gmt":"2025-06-17T08:24:35","guid":{"rendered":"https:\/\/steklarna-rogaska.si\/?post_type=product&#038;p=6342"},"modified":"2026-04-14T05:24:02","modified_gmt":"2026-04-14T05:24:02","slug":"aulide-visok-kozarec-set-2","status":"publish","type":"product","link":"https:\/\/steklarna-rogaska.si\/en\/product\/aulide-visok-kozarec-set-2\/","title":{"rendered":"HIGHBALL KOZAREC ZA SOK, PIVO, KOKTEJL &#8211; AULIDE &#8211; set 2 kos"},"content":{"rendered":"<p>vi\u0161ina=145 mm<\/p>\n<p>\u0161irina=82 mm<\/p>\n<p>te\u017ea= 0,4 kg<\/p>\n","protected":false},"excerpt":{"rendered":"<p>vi\u0161ina=145 mm \u0161irina=82 mm te\u017ea= 0,4 kg<\/p>\n","protected":false},"featured_media":6310,"comment_status":"closed","ping_status":"closed","template":"","meta":[],"product_brand":[],"product_cat":[1139,924,932,933,284,446],"product_tag":[343,458,484,467],"class_list":{"0":"post-6342","1":"product","2":"type-product","3":"status-publish","4":"has-post-thumbnail","6":"product_cat-kozarci-za-koktajle","7":"product_cat-kozarci-2","8":"product_cat-kozarci-za-sok","9":"product_cat-kozarci-za-vodo-2","10":"product_cat-vinski-program-default-group","11":"product_cat-kozarci-za-vodo","12":"product_tag-aulide","13":"product_tag-za-mesane-pijace","14":"product_tag-za-sok","15":"product_tag-za-vodo","17":"first","18":"instock","19":"shipping-taxable","20":"purchasable","21":"product-type-simple"},"_links":{"self":[{"href":"https:\/\/steklarna-rogaska.si\/en\/wp-json\/wp\/v2\/product\/6342","targetHints":{"allow":["GET"]}}],"collection":[{"href":"https:\/\/steklarna-rogaska.si\/en\/wp-json\/wp\/v2\/product"}],"about":[{"href":"https:\/\/steklarna-rogaska.si\/en\/wp-json\/wp\/v2\/types\/product"}],"replies":[{"embeddable":true,"href":"https:\/\/steklarna-rogaska.si\/en\/wp-json\/wp\/v2\/comments?post=6342"}],"wp:featuredmedia":[{"embeddable":true,"href":"https:\/\/steklarna-rogaska.si\/en\/wp-json\/wp\/v2\/media\/6310"}],"wp:attachment":[{"href":"https:\/\/steklarna-rogaska.si\/en\/wp-json\/wp\/v2\/media?parent=6342"}],"wp:term":[{"taxonomy":"product_brand","embeddable":true,"href":"https:\/\/steklarna-rogaska.si\/en\/wp-json\/wp\/v2\/product_brand?post=6342"},{"taxonomy":"product_cat","embeddable":true,"href":"https:\/\/steklarna-rogaska.si\/en\/wp-json\/wp\/v2\/product_cat?post=6342"},{"taxonomy":"product_tag","embeddable":true,"href":"https:\/\/steklarna-rogaska.si\/en\/wp-json\/wp\/v2\/product_tag?post=6342"}],"curies":[{"name":"wp","href":"https:\/\/api.w.org\/{rel}","templated":true}]}}