{"id":6336,"date":"2020-04-24T08:20:40","date_gmt":"2020-04-24T08:20:40","guid":{"rendered":"https:\/\/steklarna-rogaska.si\/?post_type=product&#038;p=6336"},"modified":"2026-04-14T05:24:00","modified_gmt":"2026-04-14T05:24:00","slug":"aulide-kozarec-za-liker-set-2","status":"publish","type":"product","link":"https:\/\/steklarna-rogaska.si\/en\/product\/aulide-kozarec-za-liker-set-2\/","title":{"rendered":"KOZAREC ZA LIKER &#8211; AULIDE &#8211; set 2 kos"},"content":{"rendered":"<p>vi\u0161ina=147 mm<\/p>\n<p>\u0161irina= 56 mm<\/p>\n<p>te\u017ea= 0,1 kg<\/p>\n","protected":false},"excerpt":{"rendered":"<p>vi\u0161ina=147 mm \u0161irina= 56 mm te\u017ea= 0,1 kg<\/p>\n","protected":false},"featured_media":6338,"comment_status":"closed","ping_status":"open","template":"","meta":[],"product_brand":[],"product_cat":[196,284],"product_tag":[343,465,478],"class_list":{"0":"post-6336","1":"product","2":"type-product","3":"status-publish","4":"has-post-thumbnail","6":"product_cat-barski-program","7":"product_cat-vinski-program-default-group","8":"product_tag-aulide","9":"product_tag-za-liker","10":"product_tag-za-zgane-pijace","12":"first","13":"instock","14":"shipping-taxable","15":"purchasable","16":"product-type-simple"},"_links":{"self":[{"href":"https:\/\/steklarna-rogaska.si\/en\/wp-json\/wp\/v2\/product\/6336","targetHints":{"allow":["GET"]}}],"collection":[{"href":"https:\/\/steklarna-rogaska.si\/en\/wp-json\/wp\/v2\/product"}],"about":[{"href":"https:\/\/steklarna-rogaska.si\/en\/wp-json\/wp\/v2\/types\/product"}],"replies":[{"embeddable":true,"href":"https:\/\/steklarna-rogaska.si\/en\/wp-json\/wp\/v2\/comments?post=6336"}],"wp:featuredmedia":[{"embeddable":true,"href":"https:\/\/steklarna-rogaska.si\/en\/wp-json\/wp\/v2\/media\/6338"}],"wp:attachment":[{"href":"https:\/\/steklarna-rogaska.si\/en\/wp-json\/wp\/v2\/media?parent=6336"}],"wp:term":[{"taxonomy":"product_brand","embeddable":true,"href":"https:\/\/steklarna-rogaska.si\/en\/wp-json\/wp\/v2\/product_brand?post=6336"},{"taxonomy":"product_cat","embeddable":true,"href":"https:\/\/steklarna-rogaska.si\/en\/wp-json\/wp\/v2\/product_cat?post=6336"},{"taxonomy":"product_tag","embeddable":true,"href":"https:\/\/steklarna-rogaska.si\/en\/wp-json\/wp\/v2\/product_tag?post=6336"}],"curies":[{"name":"wp","href":"https:\/\/api.w.org\/{rel}","templated":true}]}}