{"id":6328,"date":"2020-04-24T08:06:17","date_gmt":"2020-04-24T08:06:17","guid":{"rendered":"https:\/\/steklarna-rogaska.si\/?post_type=product&#038;p=6328"},"modified":"2026-04-13T07:00:59","modified_gmt":"2026-04-13T07:00:59","slug":"aulide-steklenica","status":"publish","type":"product","link":"https:\/\/steklarna-rogaska.si\/en\/product\/aulide-steklenica\/","title":{"rendered":"STEKLENICA ZA VINO Z ZAMA\u0160KOM &#8211; AULIDE &#8211; kos"},"content":{"rendered":"<p>vi\u0161ina= 355 mm<\/p>\n<p>\u0161irina=144 mm<\/p>\n<p>te\u017ea= 2 kg<\/p>\n","protected":false},"excerpt":{"rendered":"<p>vi\u0161ina= 355 mm \u0161irina=144 mm te\u017ea= 2 kg<\/p>\n","protected":false},"featured_media":6304,"comment_status":"closed","ping_status":"closed","template":"","meta":[],"product_brand":[],"product_cat":[935,939,938,936,284,912],"product_tag":[343,464],"class_list":{"0":"post-6328","1":"product","2":"type-product","3":"status-publish","4":"has-post-thumbnail","6":"product_cat-steklenice-dekanterji-vrci-posode","7":"product_cat-dekanter-za-vino-2","8":"product_cat-steklenica-za-vino","9":"product_cat-steklenica-za-zganje","10":"product_cat-vinski-program-default-group","11":"product_cat-steklenice-za-vino","12":"product_tag-aulide","13":"product_tag-za-dekantiranje","15":"first","16":"instock","17":"shipping-taxable","18":"purchasable","19":"product-type-simple"},"_links":{"self":[{"href":"https:\/\/steklarna-rogaska.si\/en\/wp-json\/wp\/v2\/product\/6328","targetHints":{"allow":["GET"]}}],"collection":[{"href":"https:\/\/steklarna-rogaska.si\/en\/wp-json\/wp\/v2\/product"}],"about":[{"href":"https:\/\/steklarna-rogaska.si\/en\/wp-json\/wp\/v2\/types\/product"}],"replies":[{"embeddable":true,"href":"https:\/\/steklarna-rogaska.si\/en\/wp-json\/wp\/v2\/comments?post=6328"}],"wp:featuredmedia":[{"embeddable":true,"href":"https:\/\/steklarna-rogaska.si\/en\/wp-json\/wp\/v2\/media\/6304"}],"wp:attachment":[{"href":"https:\/\/steklarna-rogaska.si\/en\/wp-json\/wp\/v2\/media?parent=6328"}],"wp:term":[{"taxonomy":"product_brand","embeddable":true,"href":"https:\/\/steklarna-rogaska.si\/en\/wp-json\/wp\/v2\/product_brand?post=6328"},{"taxonomy":"product_cat","embeddable":true,"href":"https:\/\/steklarna-rogaska.si\/en\/wp-json\/wp\/v2\/product_cat?post=6328"},{"taxonomy":"product_tag","embeddable":true,"href":"https:\/\/steklarna-rogaska.si\/en\/wp-json\/wp\/v2\/product_tag?post=6328"}],"curies":[{"name":"wp","href":"https:\/\/api.w.org\/{rel}","templated":true}]}}