{"id":6326,"date":"2020-04-24T08:04:14","date_gmt":"2020-04-24T08:04:14","guid":{"rendered":"https:\/\/steklarna-rogaska.si\/?post_type=product&#038;p=6326"},"modified":"2026-04-21T05:23:53","modified_gmt":"2026-04-21T05:23:53","slug":"aulide-vrc-2","status":"publish","type":"product","link":"https:\/\/steklarna-rogaska.si\/en\/product\/aulide-vrc-2\/","title":{"rendered":"VR\u010c &#8211; AULIDE &#8211; kos"},"content":{"rendered":"<p>vi\u0161ina= 257 mm<\/p>\n<p>\u0161irina= 179 mm<\/p>\n<p>te\u017ea= 2 kg<\/p>\n","protected":false},"excerpt":{"rendered":"<p>vi\u0161ina= 257 mm \u0161irina= 179 mm te\u017ea= 2 kg<\/p>\n","protected":false},"featured_media":6316,"comment_status":"closed","ping_status":"open","template":"","meta":[],"product_brand":[],"product_cat":[935,940,284,912],"product_tag":[343,467],"class_list":{"0":"post-6326","1":"product","2":"type-product","3":"status-publish","4":"has-post-thumbnail","6":"product_cat-steklenice-dekanterji-vrci-posode","7":"product_cat-vrc","8":"product_cat-vinski-program-default-group","9":"product_cat-steklenice-za-vino","10":"product_tag-aulide","11":"product_tag-za-vodo","13":"first","14":"outofstock","15":"shipping-taxable","16":"purchasable","17":"product-type-simple"},"_links":{"self":[{"href":"https:\/\/steklarna-rogaska.si\/en\/wp-json\/wp\/v2\/product\/6326","targetHints":{"allow":["GET"]}}],"collection":[{"href":"https:\/\/steklarna-rogaska.si\/en\/wp-json\/wp\/v2\/product"}],"about":[{"href":"https:\/\/steklarna-rogaska.si\/en\/wp-json\/wp\/v2\/types\/product"}],"replies":[{"embeddable":true,"href":"https:\/\/steklarna-rogaska.si\/en\/wp-json\/wp\/v2\/comments?post=6326"}],"wp:featuredmedia":[{"embeddable":true,"href":"https:\/\/steklarna-rogaska.si\/en\/wp-json\/wp\/v2\/media\/6316"}],"wp:attachment":[{"href":"https:\/\/steklarna-rogaska.si\/en\/wp-json\/wp\/v2\/media?parent=6326"}],"wp:term":[{"taxonomy":"product_brand","embeddable":true,"href":"https:\/\/steklarna-rogaska.si\/en\/wp-json\/wp\/v2\/product_brand?post=6326"},{"taxonomy":"product_cat","embeddable":true,"href":"https:\/\/steklarna-rogaska.si\/en\/wp-json\/wp\/v2\/product_cat?post=6326"},{"taxonomy":"product_tag","embeddable":true,"href":"https:\/\/steklarna-rogaska.si\/en\/wp-json\/wp\/v2\/product_tag?post=6326"}],"curies":[{"name":"wp","href":"https:\/\/api.w.org\/{rel}","templated":true}]}}