{"id":6296,"date":"2020-04-24T06:13:26","date_gmt":"2020-04-24T06:13:26","guid":{"rendered":"https:\/\/steklarna-rogaska.si\/?post_type=product&#038;p=6296"},"modified":"2026-04-13T06:59:34","modified_gmt":"2026-04-13T06:59:34","slug":"adria-vaza-25-cm-zelena","status":"publish","type":"product","link":"https:\/\/steklarna-rogaska.si\/en\/product\/adria-vaza-25-cm-zelena\/","title":{"rendered":"VAZA 25 CM ZELENA &#8211; ADRIA &#8211; kos"},"content":{"rendered":"<p>vi\u0161ina= 250 mm<\/p>\n<p>\u0161irina=146 mm<\/p>\n<p>te\u017ea= 5,4 km<\/p>\n","protected":false},"excerpt":{"rendered":"<p>vi\u0161ina= 250 mm \u0161irina=146 mm te\u017ea= 5,4 km<\/p>\n","protected":false},"featured_media":6292,"comment_status":"closed","ping_status":"closed","template":"","meta":[],"product_brand":[],"product_cat":[950],"product_tag":[188,1000,487,998,999],"class_list":{"0":"post-6296","1":"product","2":"type-product","3":"status-publish","4":"has-post-thumbnail","6":"product_cat-vaza","7":"product_tag-adria","8":"product_tag-barvna-vaza","9":"product_tag-barvni-kristal","10":"product_tag-vaza","11":"product_tag-zelena-vaza","13":"first","14":"instock","15":"shipping-taxable","16":"purchasable","17":"product-type-simple"},"_links":{"self":[{"href":"https:\/\/steklarna-rogaska.si\/en\/wp-json\/wp\/v2\/product\/6296","targetHints":{"allow":["GET"]}}],"collection":[{"href":"https:\/\/steklarna-rogaska.si\/en\/wp-json\/wp\/v2\/product"}],"about":[{"href":"https:\/\/steklarna-rogaska.si\/en\/wp-json\/wp\/v2\/types\/product"}],"replies":[{"embeddable":true,"href":"https:\/\/steklarna-rogaska.si\/en\/wp-json\/wp\/v2\/comments?post=6296"}],"wp:featuredmedia":[{"embeddable":true,"href":"https:\/\/steklarna-rogaska.si\/en\/wp-json\/wp\/v2\/media\/6292"}],"wp:attachment":[{"href":"https:\/\/steklarna-rogaska.si\/en\/wp-json\/wp\/v2\/media?parent=6296"}],"wp:term":[{"taxonomy":"product_brand","embeddable":true,"href":"https:\/\/steklarna-rogaska.si\/en\/wp-json\/wp\/v2\/product_brand?post=6296"},{"taxonomy":"product_cat","embeddable":true,"href":"https:\/\/steklarna-rogaska.si\/en\/wp-json\/wp\/v2\/product_cat?post=6296"},{"taxonomy":"product_tag","embeddable":true,"href":"https:\/\/steklarna-rogaska.si\/en\/wp-json\/wp\/v2\/product_tag?post=6296"}],"curies":[{"name":"wp","href":"https:\/\/api.w.org\/{rel}","templated":true}]}}