{"id":6265,"date":"2020-04-23T19:22:14","date_gmt":"2020-04-23T19:22:14","guid":{"rendered":"https:\/\/steklarna-rogaska.si\/?post_type=product&#038;p=6265"},"modified":"2026-04-14T05:23:39","modified_gmt":"2026-04-14T05:23:39","slug":"stop-steklenica","status":"publish","type":"product","link":"https:\/\/steklarna-rogaska.si\/en\/product\/stop-steklenica\/","title":{"rendered":"DEKANTER ZA VINO &#8211; STOP &#8211; kos"},"content":{"rendered":"<p>vi\u0161ina=334 mm<\/p>\n<p>\u0161irina=233 mm<\/p>\n<p>vol.= 1,8 l<\/p>\n","protected":false},"excerpt":{"rendered":"<p>Serija &#8220;Stop&#8221; govori o ujetih trenutkih v \u010dasu, \u010duje\u010dnosti in spo\u0161tovanju trenutkov, ki so nam dani. \u010ce bi kristalno steklo lahko govorilo, bi vas ta zbirka povabila, da nehate skrbeti in za\u010dnete \u017eiveti.<\/p>\n","protected":false},"featured_media":6245,"comment_status":"closed","ping_status":"open","template":"","meta":[],"product_brand":[],"product_cat":[935,939,938,284,913,912],"product_tag":[486],"class_list":{"0":"post-6265","1":"product","2":"type-product","3":"status-publish","4":"has-post-thumbnail","6":"product_cat-steklenice-dekanterji-vrci-posode","7":"product_cat-dekanter-za-vino-2","8":"product_cat-steklenica-za-vino","9":"product_cat-vinski-program-default-group","10":"product_cat-dekanter-za-vino","11":"product_cat-steklenice-za-vino","12":"product_tag-stop","14":"first","15":"instock","16":"shipping-taxable","17":"purchasable","18":"product-type-simple"},"_links":{"self":[{"href":"https:\/\/steklarna-rogaska.si\/en\/wp-json\/wp\/v2\/product\/6265","targetHints":{"allow":["GET"]}}],"collection":[{"href":"https:\/\/steklarna-rogaska.si\/en\/wp-json\/wp\/v2\/product"}],"about":[{"href":"https:\/\/steklarna-rogaska.si\/en\/wp-json\/wp\/v2\/types\/product"}],"replies":[{"embeddable":true,"href":"https:\/\/steklarna-rogaska.si\/en\/wp-json\/wp\/v2\/comments?post=6265"}],"wp:featuredmedia":[{"embeddable":true,"href":"https:\/\/steklarna-rogaska.si\/en\/wp-json\/wp\/v2\/media\/6245"}],"wp:attachment":[{"href":"https:\/\/steklarna-rogaska.si\/en\/wp-json\/wp\/v2\/media?parent=6265"}],"wp:term":[{"taxonomy":"product_brand","embeddable":true,"href":"https:\/\/steklarna-rogaska.si\/en\/wp-json\/wp\/v2\/product_brand?post=6265"},{"taxonomy":"product_cat","embeddable":true,"href":"https:\/\/steklarna-rogaska.si\/en\/wp-json\/wp\/v2\/product_cat?post=6265"},{"taxonomy":"product_tag","embeddable":true,"href":"https:\/\/steklarna-rogaska.si\/en\/wp-json\/wp\/v2\/product_tag?post=6265"}],"curies":[{"name":"wp","href":"https:\/\/api.w.org\/{rel}","templated":true}]}}