{"id":6264,"date":"2020-04-23T19:19:02","date_gmt":"2020-04-23T19:19:02","guid":{"rendered":"https:\/\/steklarna-rogaska.si\/?post_type=product&#038;p=6264"},"modified":"2026-04-21T05:23:21","modified_gmt":"2026-04-21T05:23:21","slug":"stop-kozarec-za-rum-set-2","status":"publish","type":"product","link":"https:\/\/steklarna-rogaska.si\/en\/product\/stop-kozarec-za-rum-set-2\/","title":{"rendered":"KOZAREC ZA RUM &#8211; STOP &#8211; set 2 kos"},"content":{"rendered":"<p>vi\u0161ina=102 mm<\/p>\n<p>\u0161irina=88 mm<\/p>\n<p>te\u017ea= 0,13 kg<\/p>\n<p>&nbsp;<\/p>\n","protected":false},"excerpt":{"rendered":"<p>Serija &#8220;Stop&#8221; govori o ujetih trenutkih v \u010dasu, \u010duje\u010dnosti in spo\u0161tovanju trenutkov, ki so nam dani. \u010ce bi kristalno steklo lahko govorilo, bi vas ta zbirka povabila, da nehate skrbeti in za\u010dnete \u017eiveti.<\/p>\n","protected":false},"featured_media":6254,"comment_status":"closed","ping_status":"open","template":"","meta":[],"product_brand":[],"product_cat":[196,904,916,922,919,996,927],"product_tag":[486,478],"class_list":{"0":"post-6264","1":"product","2":"type-product","3":"status-publish","4":"has-post-thumbnail","6":"product_cat-barski-program","7":"product_cat-kozarci-za-zganje","8":"product_cat-darilni-program-2","9":"product_cat-darila-zanj","10":"product_cat-poslovna-darila","11":"product_cat-praznicna-ponudba","12":"product_cat-kozarci-za-zganje-2","13":"product_tag-stop","14":"product_tag-za-zgane-pijace","16":"first","17":"instock","18":"shipping-taxable","19":"purchasable","20":"product-type-simple"},"_links":{"self":[{"href":"https:\/\/steklarna-rogaska.si\/en\/wp-json\/wp\/v2\/product\/6264","targetHints":{"allow":["GET"]}}],"collection":[{"href":"https:\/\/steklarna-rogaska.si\/en\/wp-json\/wp\/v2\/product"}],"about":[{"href":"https:\/\/steklarna-rogaska.si\/en\/wp-json\/wp\/v2\/types\/product"}],"replies":[{"embeddable":true,"href":"https:\/\/steklarna-rogaska.si\/en\/wp-json\/wp\/v2\/comments?post=6264"}],"wp:featuredmedia":[{"embeddable":true,"href":"https:\/\/steklarna-rogaska.si\/en\/wp-json\/wp\/v2\/media\/6254"}],"wp:attachment":[{"href":"https:\/\/steklarna-rogaska.si\/en\/wp-json\/wp\/v2\/media?parent=6264"}],"wp:term":[{"taxonomy":"product_brand","embeddable":true,"href":"https:\/\/steklarna-rogaska.si\/en\/wp-json\/wp\/v2\/product_brand?post=6264"},{"taxonomy":"product_cat","embeddable":true,"href":"https:\/\/steklarna-rogaska.si\/en\/wp-json\/wp\/v2\/product_cat?post=6264"},{"taxonomy":"product_tag","embeddable":true,"href":"https:\/\/steklarna-rogaska.si\/en\/wp-json\/wp\/v2\/product_tag?post=6264"}],"curies":[{"name":"wp","href":"https:\/\/api.w.org\/{rel}","templated":true}]}}