{"id":6260,"date":"2020-04-23T19:05:17","date_gmt":"2020-04-23T19:05:17","guid":{"rendered":"https:\/\/steklarna-rogaska.si\/?post_type=product&#038;p=6260"},"modified":"2026-04-14T05:23:38","modified_gmt":"2026-04-14T05:23:38","slug":"stop-kozarec-za-belo-vino-set-2","status":"publish","type":"product","link":"https:\/\/steklarna-rogaska.si\/en\/product\/stop-kozarec-za-belo-vino-set-2\/","title":{"rendered":"KOZAREC ZA BELO VINO &#8211; STOP &#8211; set 2 kos"},"content":{"rendered":"<p>vi\u0161ina= 213 mm<\/p>\n<p>\u0161irina=99 mm<\/p>\n<p>vol.= 400 ml<\/p>\n","protected":false},"excerpt":{"rendered":"<p>Serija &#8220;Stop&#8221; govori o ujetih trenutkih v \u010dasu, \u010duje\u010dnosti in spo\u0161tovanju trenutkov, ki so nam dani. \u010ce bi kristalno steklo lahko govorilo, bi vas ta zbirka povabila, da nehate skrbeti in za\u010dnete \u017eiveti.<\/p>\n","protected":false},"featured_media":6258,"comment_status":"closed","ping_status":"open","template":"","meta":[],"product_brand":[],"product_cat":[924,925,284,910],"product_tag":[972,973,486,971,976,461],"class_list":{"0":"post-6260","1":"product","2":"type-product","3":"status-publish","4":"has-post-thumbnail","6":"product_cat-kozarci-2","7":"product_cat-kozarci-za-vino-2","8":"product_cat-vinski-program-default-group","9":"product_cat-kozarci-za-vino","10":"product_tag-kelih-za-vino","11":"product_tag-kozarec-za-vino","12":"product_tag-stop","13":"product_tag-vinski-kelih","14":"product_tag-vinski-kozarec","15":"product_tag-za-belo-vino","17":"first","18":"instock","19":"shipping-taxable","20":"purchasable","21":"product-type-simple"},"_links":{"self":[{"href":"https:\/\/steklarna-rogaska.si\/en\/wp-json\/wp\/v2\/product\/6260","targetHints":{"allow":["GET"]}}],"collection":[{"href":"https:\/\/steklarna-rogaska.si\/en\/wp-json\/wp\/v2\/product"}],"about":[{"href":"https:\/\/steklarna-rogaska.si\/en\/wp-json\/wp\/v2\/types\/product"}],"replies":[{"embeddable":true,"href":"https:\/\/steklarna-rogaska.si\/en\/wp-json\/wp\/v2\/comments?post=6260"}],"wp:featuredmedia":[{"embeddable":true,"href":"https:\/\/steklarna-rogaska.si\/en\/wp-json\/wp\/v2\/media\/6258"}],"wp:attachment":[{"href":"https:\/\/steklarna-rogaska.si\/en\/wp-json\/wp\/v2\/media?parent=6260"}],"wp:term":[{"taxonomy":"product_brand","embeddable":true,"href":"https:\/\/steklarna-rogaska.si\/en\/wp-json\/wp\/v2\/product_brand?post=6260"},{"taxonomy":"product_cat","embeddable":true,"href":"https:\/\/steklarna-rogaska.si\/en\/wp-json\/wp\/v2\/product_cat?post=6260"},{"taxonomy":"product_tag","embeddable":true,"href":"https:\/\/steklarna-rogaska.si\/en\/wp-json\/wp\/v2\/product_tag?post=6260"}],"curies":[{"name":"wp","href":"https:\/\/api.w.org\/{rel}","templated":true}]}}