{"id":6239,"date":"2020-04-23T18:50:14","date_gmt":"2020-04-23T18:50:14","guid":{"rendered":"https:\/\/steklarna-rogaska.si\/?post_type=product&#038;p=6239"},"modified":"2026-04-13T06:44:40","modified_gmt":"2026-04-13T06:44:40","slug":"polar-light-vaza-25-cm-2","status":"publish","type":"product","link":"https:\/\/steklarna-rogaska.si\/en\/product\/polar-light-vaza-25-cm-2\/","title":{"rendered":"VAZA 25 CM &#8211; POLAR LIGHT &#8211; kos"},"content":{"rendered":"<p>vi\u0161ina= 254 mm<\/p>\n<p>\u0161irina= 161mm<\/p>\n<p>te\u017ea= 3,6 kg<\/p>\n","protected":false},"excerpt":{"rendered":"<p>vi\u0161ina= 254 mm \u0161irina= 161mm te\u017ea= 3,6 kg<\/p>\n","protected":false},"featured_media":6203,"comment_status":"closed","ping_status":"open","template":"","meta":[],"product_brand":[],"product_cat":[950],"product_tag":[414],"class_list":{"0":"post-6239","1":"product","2":"type-product","3":"status-publish","4":"has-post-thumbnail","6":"product_cat-vaza","7":"product_tag-polar-light","9":"first","10":"outofstock","11":"shipping-taxable","12":"purchasable","13":"product-type-simple"},"_links":{"self":[{"href":"https:\/\/steklarna-rogaska.si\/en\/wp-json\/wp\/v2\/product\/6239","targetHints":{"allow":["GET"]}}],"collection":[{"href":"https:\/\/steklarna-rogaska.si\/en\/wp-json\/wp\/v2\/product"}],"about":[{"href":"https:\/\/steklarna-rogaska.si\/en\/wp-json\/wp\/v2\/types\/product"}],"replies":[{"embeddable":true,"href":"https:\/\/steklarna-rogaska.si\/en\/wp-json\/wp\/v2\/comments?post=6239"}],"wp:featuredmedia":[{"embeddable":true,"href":"https:\/\/steklarna-rogaska.si\/en\/wp-json\/wp\/v2\/media\/6203"}],"wp:attachment":[{"href":"https:\/\/steklarna-rogaska.si\/en\/wp-json\/wp\/v2\/media?parent=6239"}],"wp:term":[{"taxonomy":"product_brand","embeddable":true,"href":"https:\/\/steklarna-rogaska.si\/en\/wp-json\/wp\/v2\/product_brand?post=6239"},{"taxonomy":"product_cat","embeddable":true,"href":"https:\/\/steklarna-rogaska.si\/en\/wp-json\/wp\/v2\/product_cat?post=6239"},{"taxonomy":"product_tag","embeddable":true,"href":"https:\/\/steklarna-rogaska.si\/en\/wp-json\/wp\/v2\/product_tag?post=6239"}],"curies":[{"name":"wp","href":"https:\/\/api.w.org\/{rel}","templated":true}]}}