{"id":6237,"date":"2020-04-23T18:47:43","date_gmt":"2020-04-23T18:47:43","guid":{"rendered":"https:\/\/steklarna-rogaska.si\/?post_type=product&#038;p=6237"},"modified":"2026-04-20T07:13:14","modified_gmt":"2026-04-20T07:13:14","slug":"polar-light-kroznik-18-cm","status":"publish","type":"product","link":"https:\/\/steklarna-rogaska.si\/en\/product\/polar-light-kroznik-18-cm\/","title":{"rendered":"KRO\u017dNIK 18 CM &#8211; POLAR LIGHT &#8211; kos"},"content":{"rendered":"<p>vi\u0161ina= 10 mm<\/p>\n<p>\u0161irina= 190 mm<\/p>\n<p>te\u017ea= 0,62 kg<\/p>\n","protected":false},"excerpt":{"rendered":"<p>vi\u0161ina= 10 mm \u0161irina= 190 mm te\u017ea= 0,62 kg<\/p>\n","protected":false},"featured_media":6217,"comment_status":"closed","ping_status":"closed","template":"","meta":[],"product_brand":[],"product_cat":[953,955,916,922,921,923,920,942,943],"product_tag":[1011,447,414,441,485],"class_list":{"0":"post-6237","1":"product","2":"type-product","3":"status-publish","4":"has-post-thumbnail","6":"product_cat-bozicna-dekoracija","7":"product_cat-dekorativni-dodatki","8":"product_cat-darilni-program-2","9":"product_cat-darila-zanj","10":"product_cat-darila-zanjo","11":"product_cat-drobne-pozornosti","12":"product_cat-porocna-darila","13":"product_cat-krozniki-in-pladnji","14":"product_cat-krozniki","15":"product_tag-darilo-za-poroko","16":"product_tag-kroznik-za-pecivo","17":"product_tag-polar-light","18":"product_tag-porocna-darila","19":"product_tag-poslovna-darila","21":"first","22":"outofstock","23":"shipping-taxable","24":"purchasable","25":"product-type-simple"},"_links":{"self":[{"href":"https:\/\/steklarna-rogaska.si\/en\/wp-json\/wp\/v2\/product\/6237","targetHints":{"allow":["GET"]}}],"collection":[{"href":"https:\/\/steklarna-rogaska.si\/en\/wp-json\/wp\/v2\/product"}],"about":[{"href":"https:\/\/steklarna-rogaska.si\/en\/wp-json\/wp\/v2\/types\/product"}],"replies":[{"embeddable":true,"href":"https:\/\/steklarna-rogaska.si\/en\/wp-json\/wp\/v2\/comments?post=6237"}],"wp:featuredmedia":[{"embeddable":true,"href":"https:\/\/steklarna-rogaska.si\/en\/wp-json\/wp\/v2\/media\/6217"}],"wp:attachment":[{"href":"https:\/\/steklarna-rogaska.si\/en\/wp-json\/wp\/v2\/media?parent=6237"}],"wp:term":[{"taxonomy":"product_brand","embeddable":true,"href":"https:\/\/steklarna-rogaska.si\/en\/wp-json\/wp\/v2\/product_brand?post=6237"},{"taxonomy":"product_cat","embeddable":true,"href":"https:\/\/steklarna-rogaska.si\/en\/wp-json\/wp\/v2\/product_cat?post=6237"},{"taxonomy":"product_tag","embeddable":true,"href":"https:\/\/steklarna-rogaska.si\/en\/wp-json\/wp\/v2\/product_tag?post=6237"}],"curies":[{"name":"wp","href":"https:\/\/api.w.org\/{rel}","templated":true}]}}